{"id":899,"date":"2015-12-02T10:34:15","date_gmt":"2015-12-02T10:34:15","guid":{"rendered":"http:\/\/logistics.stylemixthemes.com\/\/?page_id=899"},"modified":"2021-10-22T17:08:42","modified_gmt":"2021-10-22T13:08:42","slug":"rates-request","status":"publish","type":"page","link":"https:\/\/dewool.ge\/tr\/rates-request\/","title":{"rendered":"\u00dccret Talebi"},"content":{"rendered":"<div data-vc-full-width=\"true\" data-vc-full-width-init=\"false\" class=\"vc_row wpb_row vc_row-fluid reset-sm-paddings vc_custom_1634908061321 vc_row-has-fill vc_row-o-equal-height vc_row-flex\"><div class=\"wpb_column vc_column_container vc_col-sm-12 vc_col-lg-5 vc_col-md-6\"><div class=\"vc_column-inner vc_custom_1450444940366\"><div class=\"wpb_wrapper\"><h2 style=\"text-align: left\" class=\"vc_custom_heading\" >Bizi \u00f6zel yapan nedir?<\/h2>\n\t<div class=\"wpb_text_column wpb_content_element\" >\n\t\t<div class=\"wpb_wrapper\">\n\t\t\t<p>D\u00fcnya \u00e7ap\u0131nda 17 b\u00f6lgesel k\u00fcmede \u00e7al\u0131\u015fan 42.000'in \u00fczerinde kendini i\u015fine adam\u0131\u015f \u00e7al\u0131\u015fan, operasyonel m\u00fckemmellik sa\u011fl\u0131yor.<\/p>\n\n\t\t<\/div>\n\t<\/div>\n<div class=\"vc_row wpb_row vc_inner vc_row-fluid reset-sm-paddings vc_custom_1449127190171\"><div class=\"wpb_column vc_column_container vc_col-sm-6 vc_col-xs-12\"><div class=\"vc_column-inner vc_custom_1450423994691\"><div class=\"wpb_wrapper\">\n<div class=\"stm_icon left icon_position_left\">\n\t\t\t<div id=\"icon_wr_69dc23063acb9\" class=\"icon\" style=\"font-size: 71px; width: 95px;\">\n\t\t\t<svg xmlns=\"http:\/\/www.w3.org\/2000\/svg\" xmlns:xlink=\"http:\/\/www.w3.org\/1999\/xlink\" preserveaspectratio=\"xMidYMid\" width=\"70\" height=\"72\" viewbox=\"0 0 70 72\">\n  <defs>\n    <style>\n      .cls-1 {\n        stroke-linecap: round;\n        stroke-width: 2px;\n        fill: none;\n        fill-rule: evenodd;\n      }\n    <\/style>\n  <\/defs>\n  <g>\n    <path d=\"M42.000,54.000 L35.000,39.000 L62.000,29.000 L68.500,41.000 L42.000,54.000 ZM1.500,41.000 L8.000,29.000 L35.000,39.000 L28.000,54.000 L1.500,41.000 Z\" class=\"cls-1\"\/>\n    <path d=\"M8.000,45.000 L8.000,58.000 L35.000,70.375 L62.000,58.000 L62.000,45.000 \" class=\"cls-1\"\/>\n    <path d=\"M35.000,70.375 L35.000,40.000 \" class=\"cls-1\"\/>\n    <path d=\"M9.038,29.000 C9.038,29.000 9.038,28.057 9.038,27.000 C9.038,12.662 20.662,1.038 35.000,1.038 C49.338,1.038 60.961,12.662 60.961,27.000 C60.961,27.526 61.000,29.000 61.000,29.000 \" class=\"cls-1\"\/>\n    <path d=\"M9.038,27.000 L60.961,27.000 \" class=\"cls-1\"\/>\n    <path d=\"M23.041,34.323 C22.714,32.001 22.538,29.543 22.538,27.000 C22.538,12.662 28.118,1.038 35.000,1.038 C41.882,1.038 47.461,12.662 47.461,27.000 C47.461,29.420 47.302,31.763 47.005,33.986 \" class=\"cls-1\"\/>\n    <path d=\"M16.308,9.346 C16.308,9.346 24.709,16.615 35.000,16.615 C45.357,16.615 52.654,9.346 52.654,9.346 \" class=\"cls-1\"\/>\n  <\/g>\n<\/svg>\n\t\t<\/div>\n\t\t<div class=\"icon_text\">\n\t\t\t\t\t<div class=\"title\" style=\"font-size: 14px; font-weight: 600;\">\n\t\t\t\t\t\t\t\t\tAmbalajlama<br \/>\nve Depolama\t\t\t\t\t\t\t<\/div>\n\t\t\t\t\t<\/div>\n<\/div>\n\t\t\t<script type=\"text\/javascript\">\n\t\t\tjQuery(document).ready(function ($) {\n\t\t\t\t\t\t\t\t$(\"#icon_wr_69dc23063acb9 svg\").attr( 'id', 'icon_69dc23063acba' );\n\t\t\t\tnew Vivus('icon_69dc23063acba', {\n\t\t\t\t\ttype: 'async',\n\t\t\t\t\tduration: 150,\n\t\t\t\t\tanimTimingFunction: Vivus['EASE_OUT']\n\t\t\t\t});\n\t\t\t\t\t\t\t});\n\t\t<\/script>\n\t<\/div><\/div><\/div><div class=\"wpb_column vc_column_container vc_col-sm-6 vc_col-xs-12\"><div class=\"vc_column-inner vc_custom_1450423999162\"><div class=\"wpb_wrapper\">\n<div class=\"stm_icon left icon_position_left\">\n\t\t\t<div id=\"icon_wr_69dc23063b2f6\" class=\"icon\" style=\"font-size: 64px; width: 95px;\">\n\t\t\t<svg xmlns=\"http:\/\/www.w3.org\/2000\/svg\" xmlns:xlink=\"http:\/\/www.w3.org\/1999\/xlink\" preserveaspectratio=\"xMidYMid\" width=\"73\" height=\"64\" viewbox=\"0 0 73 64\">\n  <defs>\n    <style>\n      .cls-1 {\n        stroke-linecap: round;\n        stroke-width: 2px;\n        fill: none;\n        fill-rule: evenodd;\n      }\n    <\/style>\n  <\/defs>\n  <g>\n    <path d=\"M41.500,63.000 C37.358,63.000 34.000,59.642 34.000,55.500 C34.000,51.358 37.358,48.000 41.500,48.000 C45.642,48.000 49.000,51.358 49.000,55.500 C49.000,59.642 45.642,63.000 41.500,63.000 ZM11.500,63.000 C7.358,63.000 4.000,59.642 4.000,55.500 C4.000,51.358 7.358,48.000 11.500,48.000 C15.642,48.000 19.000,51.358 19.000,55.500 C19.000,59.642 15.642,63.000 11.500,63.000 Z\" class=\"cls-1\"\/>\n    <path d=\"M45.406,32.000 L51.000,32.000 C51.552,32.000 52.000,32.448 52.000,33.000 L54.000,54.000 C54.000,54.552 53.552,55.000 53.000,55.000 C53.000,55.000 51.569,55.000 49.187,55.000 M33.812,55.000 C28.870,55.000 23.591,55.000 18.781,55.000 M4.125,55.000 C2.772,55.000 2.000,55.000 2.000,55.000 C1.448,55.000 1.000,54.552 1.000,54.000 L3.000,27.000 C3.000,26.448 3.448,26.000 4.000,26.000 L11.000,26.000 \" class=\"cls-1\"\/>\n    <path d=\"M12.000,1.000 L38.000,1.000 C38.552,1.000 39.000,1.448 39.000,2.000 L46.500,39.000 C46.500,39.552 46.052,40.000 45.500,40.000 L12.000,40.000 C11.448,40.000 11.000,39.552 11.000,39.000 L11.000,2.000 C11.000,1.448 11.448,1.000 12.000,1.000 Z\" class=\"cls-1\"\/>\n    <path d=\"M55.531,3.031 L60.031,60.500 L71.125,59.812 \" class=\"cls-1\"\/>\n  <\/g>\n<\/svg>\n\t\t<\/div>\n\t\t<div class=\"icon_text\">\n\t\t\t\t\t<div class=\"title\" style=\"font-size: 14px; font-weight: 600;\">\n\t\t\t\t\t\t\t\t\tdepolama<br \/>\nhizmet\t\t\t\t\t\t\t<\/div>\n\t\t\t\t\t<\/div>\n<\/div>\n\t\t\t<script type=\"text\/javascript\">\n\t\t\tjQuery(document).ready(function ($) {\n\t\t\t\t\t\t\t\t$(\"#icon_wr_69dc23063b2f6 svg\").attr( 'id', 'icon_69dc23063b2f8' );\n\t\t\t\tnew Vivus('icon_69dc23063b2f8', {\n\t\t\t\t\ttype: 'async',\n\t\t\t\t\tduration: 150,\n\t\t\t\t\tanimTimingFunction: Vivus['EASE_OUT']\n\t\t\t\t});\n\t\t\t\t\t\t\t});\n\t\t<\/script>\n\t<\/div><\/div><\/div><\/div><div class=\"vc_row wpb_row vc_inner vc_row-fluid reset-sm-paddings vc_custom_1449127193884\"><div class=\"wpb_column vc_column_container vc_col-sm-6 vc_col-xs-12\"><div class=\"vc_column-inner vc_custom_1450424067703\"><div class=\"wpb_wrapper\">\n<div class=\"stm_icon left icon_position_left\">\n\t\t\t<div id=\"icon_wr_69dc23063bb7c\" class=\"icon\" style=\"font-size: 51px; width: 95px;\">\n\t\t\t<svg xmlns=\"http:\/\/www.w3.org\/2000\/svg\" xmlns:xlink=\"http:\/\/www.w3.org\/1999\/xlink\" preserveaspectratio=\"xMidYMid\" width=\"74\" height=\"51\" viewbox=\"0 0 74 51\">\n  <defs>\n    <style>\n      .cls-1 {\n        stroke-linecap: round;\n        stroke-width: 2px;\n        fill: none;\n        fill-rule: evenodd;\n      }\n    <\/style>\n  <\/defs>\n  <g>\n    <path d=\"M60.500,50.000 C55.806,50.000 52.000,46.194 52.000,41.500 C52.000,36.806 55.806,33.000 60.500,33.000 C65.194,33.000 69.000,36.806 69.000,41.500 C69.000,46.194 65.194,50.000 60.500,50.000 ZM17.500,50.000 C12.806,50.000 9.000,46.194 9.000,41.500 C9.000,36.806 12.806,33.000 17.500,33.000 C22.194,33.000 26.000,36.806 26.000,41.500 C26.000,46.194 22.194,50.000 17.500,50.000 Z\" class=\"cls-1\"\/>\n    <path d=\"M8.719,41.000 C4.697,41.000 2.000,41.000 2.000,41.000 C1.448,41.000 1.000,40.552 1.000,40.000 L1.000,2.000 C1.000,1.448 1.448,1.000 2.000,1.000 L48.000,1.000 C48.552,1.000 49.000,1.448 49.000,2.000 L49.000,41.000 C49.000,41.000 37.643,41.000 26.094,41.000 \" class=\"cls-1\"\/>\n    <path d=\"M51.992,41.000 C50.180,41.000 49.000,41.000 49.000,41.000 L49.000,24.000 L71.000,24.000 C72.105,24.000 73.000,24.895 73.000,26.000 L73.000,39.000 C73.000,40.104 72.105,41.000 71.000,41.000 C71.000,41.000 70.116,41.000 69.000,41.000 \" class=\"cls-1\"\/>\n    <path d=\"M49.000,11.000 L57.000,11.000 C57.000,11.000 60.285,11.147 62.000,13.000 C63.715,14.853 69.778,20.740 71.000,22.000 C72.222,23.260 73.000,24.309 73.000,27.000 \" class=\"cls-1\"\/>\n  <\/g>\n<\/svg>\n\t\t<\/div>\n\t\t<div class=\"icon_text\">\n\t\t\t\t\t<div class=\"title\" style=\"font-size: 14px; font-weight: 600;\">\n\t\t\t\t\t\t\t\t\tZemin<br \/>\nToplu ta\u015f\u0131ma\t\t\t\t\t\t\t<\/div>\n\t\t\t\t\t<\/div>\n<\/div>\n\t\t\t<script type=\"text\/javascript\">\n\t\t\tjQuery(document).ready(function ($) {\n\t\t\t\t\t\t\t\t$(\"#icon_wr_69dc23063bb7c svg\").attr( 'id', 'icon_69dc23063bb7e' );\n\t\t\t\tnew Vivus('icon_69dc23063bb7e', {\n\t\t\t\t\ttype: 'async',\n\t\t\t\t\tduration: 150,\n\t\t\t\t\tanimTimingFunction: Vivus['EASE_OUT']\n\t\t\t\t});\n\t\t\t\t\t\t\t});\n\t\t<\/script>\n\t<\/div><\/div><\/div><div class=\"wpb_column vc_column_container vc_col-sm-6 vc_col-xs-12\"><div class=\"vc_column-inner vc_custom_1450424075450\"><div class=\"wpb_wrapper\">\n<div class=\"stm_icon left icon_position_left\">\n\t\t\t<div id=\"icon_wr_69dc23063c15c\" class=\"icon\" style=\"font-size: 50px; width: 95px;\">\n\t\t\t<svg xmlns=\"http:\/\/www.w3.org\/2000\/svg\" xmlns:xlink=\"http:\/\/www.w3.org\/1999\/xlink\" preserveaspectratio=\"xMidYMid\" width=\"76\" height=\"50\" viewbox=\"0 0 76 50\">\n  <defs>\n    <style>\n      .cls-1 {\n        stroke-linecap: round;\n        stroke-width: 2px;\n        fill: none;\n        fill-rule: evenodd;\n      }\n    <\/style>\n  <\/defs>\n  <g>\n    <path d=\"M1.000,49.000 C5.937,49.000 8.000,46.000 13.000,46.000 C18.000,46.000 21.000,49.000 26.000,49.000 C31.000,49.000 33.000,46.000 38.000,46.000 C43.000,46.000 46.000,49.000 51.000,49.000 C56.000,49.000 57.937,46.000 63.000,46.000 C68.062,46.000 69.937,49.000 75.000,49.000 \" class=\"cls-1\"\/>\n    <path d=\"M12.000,46.000 L2.000,20.000 L13.000,20.000 L16.000,28.000 L59.000,28.000 L63.000,20.000 L74.000,20.000 L64.000,46.000 \" class=\"cls-1\"\/>\n    <path d=\"M44.000,28.000 L44.000,15.000 C44.000,14.448 44.448,14.000 45.000,14.000 L57.000,14.000 C57.552,14.000 58.000,14.448 58.000,15.000 L58.000,28.000 L44.000,28.000 ZM25.000,15.000 C25.000,14.448 25.448,14.000 26.000,14.000 L38.000,14.000 C38.552,14.000 39.000,14.448 39.000,15.000 L39.000,28.000 L25.000,28.000 L25.000,15.000 Z\" class=\"cls-1\"\/>\n    <path d=\"M52.000,37.000 L56.000,37.000 \" class=\"cls-1\"\/>\n    <path d=\"M6.000,20.000 L6.000,3.000 C6.000,1.895 6.895,1.000 8.000,1.000 L32.000,1.000 C33.105,1.000 34.000,1.895 34.000,3.000 L34.000,14.000 \" class=\"cls-1\"\/>\n  <\/g>\n<\/svg>\n\t\t<\/div>\n\t\t<div class=\"icon_text\">\n\t\t\t\t\t<div class=\"title\" style=\"font-size: 14px; font-weight: 600;\">\n\t\t\t\t\t\t\t\t\tLojistik<br \/>\nHizmetlerimiz\t\t\t\t\t\t\t<\/div>\n\t\t\t\t\t<\/div>\n<\/div>\n\t\t\t<script type=\"text\/javascript\">\n\t\t\tjQuery(document).ready(function ($) {\n\t\t\t\t\t\t\t\t$(\"#icon_wr_69dc23063c15c svg\").attr( 'id', 'icon_69dc23063c15d' );\n\t\t\t\tnew Vivus('icon_69dc23063c15d', {\n\t\t\t\t\ttype: 'async',\n\t\t\t\t\tduration: 150,\n\t\t\t\t\tanimTimingFunction: Vivus['EASE_OUT']\n\t\t\t\t});\n\t\t\t\t\t\t\t});\n\t\t<\/script>\n\t<\/div><\/div><\/div><\/div><\/div><\/div><\/div><div class=\"wpb_column vc_column_container vc_col-sm-12 vc_col-lg-7 vc_col-md-6\"><div class=\"vc_column-inner vc_custom_1450444946350\"><div class=\"wpb_wrapper\"><div class=\"vc_row wpb_row vc_inner vc_row-fluid reset-sm-paddings\"><div class=\"base_bg_color wpb_column vc_column_container vc_col-sm-12\"><div class=\"vc_column-inner vc_custom_1450423858601\"><div class=\"wpb_wrapper\"><h2 style=\"color: #ffffff;text-align: left\" class=\"vc_custom_heading\" >\u00fccretsiz fiyat teklifi isteyin<\/h2>\n<div class=\"wpcf7 no-js\" id=\"wpcf7-f208-o1\" lang=\"en-US\" dir=\"ltr\">\n<div class=\"screen-reader-response\"><p role=\"status\" aria-live=\"polite\" aria-atomic=\"true\"><\/p> <ul><\/ul><\/div>\n<form action=\"\/tr\/wp-json\/wp\/v2\/pages\/899#wpcf7-f208-o1\" method=\"post\" class=\"wpcf7-form init\" aria-label=\"Contact form\" novalidate=\"novalidate\" data-status=\"init\" data-trp-original-action=\"\/tr\/wp-json\/wp\/v2\/pages\/899#wpcf7-f208-o1\">\n<div style=\"display: none;\">\n<input type=\"hidden\" name=\"_wpcf7\" value=\"208\" \/>\n<input type=\"hidden\" name=\"_wpcf7_version\" value=\"5.7.7\" \/>\n<input type=\"hidden\" name=\"_wpcf7_locale\" value=\"en_US\" \/>\n<input type=\"hidden\" name=\"_wpcf7_unit_tag\" value=\"wpcf7-f208-o1\" \/>\n<input type=\"hidden\" name=\"_wpcf7_container_post\" value=\"0\" \/>\n<input type=\"hidden\" name=\"_wpcf7_posted_data_hash\" value=\"\" \/>\n<\/div>\n<div class=\"request_quote\">\n\t<div class=\"row\">\n\t\t<div class=\"col-lg-6 col-md-6 col-sm-6 col-xs-12\">\n\t\t\t<div class=\"input-group\">\n\t\t\t\t<p><span class=\"wpcf7-form-control-wrap\" data-name=\"freight_type\"><select class=\"wpcf7-form-control wpcf7-select\" aria-invalid=\"false\" name=\"freight_type\"><option value=\"\">Navlun Tipi<\/option><option value=\"Road Transportation\">Kara ula\u015f\u0131m\u0131<\/option><option value=\"Rail Transportation\">Demiryolu ta\u015f\u0131mac\u0131l\u0131\u011f\u0131<\/option><option value=\"Sea Transportation\">Deniz ta\u015f\u0131mac\u0131l\u0131\u011f\u0131<\/option><option value=\"Warehousing\">depolama<\/option><\/select><\/span>\n\t\t\t\t<\/p>\n\t\t\t<\/div>\n\t\t\t<div class=\"input-group\">\n\t\t\t\t<p><span class=\"wpcf7-form-control-wrap\" data-name=\"departure_city\"><input size=\"40\" class=\"wpcf7-form-control wpcf7-text wpcf7-validates-as-required\" aria-required=\"true\" aria-invalid=\"false\" placeholder=\"Kalk\u0131\u015f \u015fehri\" value=\"\" type=\"text\" name=\"departure_city\" \/><\/span>\n\t\t\t\t<\/p>\n\t\t\t<\/div>\n\t\t\t<div class=\"input-group\">\n\t\t\t\t<p><span class=\"wpcf7-form-control-wrap\" data-name=\"delivery_city\"><input size=\"40\" class=\"wpcf7-form-control wpcf7-text\" aria-invalid=\"false\" placeholder=\"Teslimat \u015fehri\" value=\"\" type=\"text\" name=\"delivery_city\" \/><\/span>\n\t\t\t\t<\/p>\n\t\t\t<\/div>\n\t\t\t<div class=\"input-group\">\n\t\t\t\t<p><span class=\"wpcf7-form-control-wrap\" data-name=\"incoterms\"><select class=\"wpcf7-form-control wpcf7-select\" aria-invalid=\"false\" name=\"incoterms\"><option value=\"\">Incoterms<\/option><option value=\"EXW\">EXW<\/option><option value=\"FCA\">FCA<\/option><option value=\"CPT\">CPT<\/option><option value=\"CIP\">CIP<\/option><option value=\"DAT\">DAT<\/option><option value=\"DAP\">DAP<\/option><option value=\"DDP\">DDP<\/option><option value=\"FAS\">FAS<\/option><option value=\"FOB\">FOB<\/option><option value=\"CFR\">CFR<\/option><option value=\"CIF\">CIF<\/option><\/select><\/span>\n\t\t\t\t<\/p>\n\t\t\t<\/div>\n\t\t\t<div class=\"input-group\">\n\t\t\t\t<p><span class=\"wpcf7-form-control-wrap\" data-name=\"total_weight\"><input size=\"40\" class=\"wpcf7-form-control wpcf7-text\" aria-invalid=\"false\" placeholder=\"Toplam br\u00fct a\u011f\u0131rl\u0131k (KG)\" value=\"\" type=\"text\" name=\"total_weight\" \/><\/span>\n\t\t\t\t<\/p>\n\t\t\t<\/div>\n\t\t\t<div class=\"input-group\">\n\t\t\t\t<p><span class=\"wpcf7-form-control-wrap\" data-name=\"dimension\"><input size=\"40\" class=\"wpcf7-form-control wpcf7-text\" aria-invalid=\"false\" placeholder=\"Boyut\" value=\"\" type=\"text\" name=\"dimension\" \/><\/span>\n\t\t\t\t<\/p>\n\t\t\t<\/div>\n\t\t<\/div>\n\t\t<div class=\"col-lg-6 col-md-6 col-sm-6 col-xs-12\">\n\t\t\t<div class=\"input-group\">\n\t\t\t\t<p><span class=\"wpcf7-form-control-wrap\" data-name=\"company\"><input size=\"40\" class=\"wpcf7-form-control wpcf7-text\" aria-invalid=\"false\" placeholder=\"Firma Ad\u0131\" value=\"\" type=\"text\" name=\"company\" \/><\/span>\n\t\t\t\t<\/p>\n\t\t\t<\/div>\n\t\t\t<div class=\"input-group\">\n\t\t\t\t<p><span class=\"wpcf7-form-control-wrap\" data-name=\"phone-number\"><input size=\"40\" class=\"wpcf7-form-control wpcf7-text wpcf7-tel wpcf7-validates-as-tel\" aria-invalid=\"false\" placeholder=\"Telefon numaras\u0131\" value=\"\" type=\"tel\" name=\"phone-number\" \/><\/span>\n\t\t\t\t<\/p>\n\t\t\t<\/div>\n\t\t\t<div class=\"input-group\">\n\t\t\t\t<p><span class=\"wpcf7-form-control-wrap\" data-name=\"email\"><input size=\"40\" class=\"wpcf7-form-control wpcf7-text wpcf7-email wpcf7-validates-as-required wpcf7-validates-as-email\" aria-required=\"true\" aria-invalid=\"false\" placeholder=\"Email\" value=\"\" type=\"email\" name=\"email\" \/><\/span>\n\t\t\t\t<\/p>\n\t\t\t<\/div>\n\t\t\t<div class=\"input-group\">\n\t\t\t\t<p><span class=\"wpcf7-form-control-wrap\" data-name=\"message\"><textarea cols=\"40\" rows=\"10\" class=\"wpcf7-form-control wpcf7-textarea\" aria-invalid=\"false\" placeholder=\"\u0130leti\" name=\"message\"><\/textarea><\/span>\n\t\t\t\t<\/p>\n\t\t\t<\/div>\n\t\t\t<div class=\"input-group\">\n\t\t\t\t<p><button class=\"button size-sm fullwidth white-text theme-wpcf7-submit\">G\u00f6ndermek <i class=\"stm-arrow-next\"><\/i><\/button>\n\t\t\t\t<\/p>\n\t\t\t<\/div>\n\t\t<\/div>\n\t<\/div>\n<\/div><div class=\"wpcf7-response-output\" aria-hidden=\"true\"><\/div>\n<input type=\"hidden\" name=\"trp-form-language\" value=\"tr\"\/><\/form>\n<\/div>\n<\/div><\/div><\/div><\/div><\/div><\/div><\/div><\/div><div class=\"vc_row-full-width\"><\/div><div data-vc-full-width=\"true\" data-vc-full-width-init=\"false\" data-vc-stretch-content=\"true\" class=\"vc_row wpb_row vc_row-fluid secondary_bg_color convert_to_table services_icons vc_custom_1449204239642 vc_row-no-padding\"><div class=\"wpb_column vc_column_container vc_col-sm-12 vc_col-lg-4 vc_col-md-4\"><div class=\"vc_column-inner vc_custom_1449204255225\"><div class=\"wpb_wrapper\">\n<div class=\"stm_icon center icon_position_top\">\n\t\t\t<div class=\"icon\" style=\"font-size: 67px; height: 90px; color: #ffffff;\">\n\t\t\t<i class=\"stm-security\"><\/i>\n\t\t<\/div>\n\t\t<div class=\"icon_text\">\n\t\t\t\t\t<div class=\"title\" style=\"font-size: 24px; font-weight: 700; color: #ffffff;\">\n\t\t\t\t\t\t\t\t\tG\u00fcvenli ve G\u00fcvenli\t\t\t\t\t\t\t<\/div>\n\t\t\t\t\t\t\t<div class=\"text\" style=\"color: #ffffff;\">\n\t\t\t\t<p>D\u00fcnyan\u0131n en b\u00fcy\u00fck \u015firketlerinden baz\u0131lar\u0131n\u0131n karma\u015f\u0131k k\u00fcresel tedarik zincirlerine etkili \u00e7\u00f6z\u00fcmler sunma konusundaki deneyimimizden faydalan\u0131rs\u0131n\u0131z.<\/p>\n\t\t\t<\/div>\n\t\t\t<\/div>\n<\/div>\n<\/div><\/div><\/div><div class=\"wpb_column vc_column_container vc_col-sm-12 vc_col-lg-4 vc_col-md-4 vc_col-has-fill\"><div class=\"vc_column-inner vc_custom_1449204260881\"><div class=\"wpb_wrapper\">\n<div class=\"stm_icon center icon_position_top\">\n\t\t\t<div class=\"icon\" style=\"font-size: 67px; height: 90px; color: #ffffff;\">\n\t\t\t<i class=\"stm-fast-delivery\"><\/i>\n\t\t<\/div>\n\t\t<div class=\"icon_text\">\n\t\t\t\t\t<div class=\"title\" style=\"font-size: 24px; font-weight: 700; color: #ffffff;\">\n\t\t\t\t\t\t\t\t\tH\u0131zl\u0131 teslimat\t\t\t\t\t\t\t<\/div>\n\t\t\t\t\t\t\t<div class=\"text\" style=\"color: #ffffff;\">\n\t\t\t\t<p>\u0130ster Hava ve Deniz Ta\u015f\u0131mac\u0131l\u0131\u011f\u0131 \u00fcr\u00fcnlerimizin basit bir uzant\u0131s\u0131 olsun, ister depolama alan\u0131nda bir geli\u015fme olsun, her yenilikten yararlan\u0131rs\u0131n\u0131z.<\/p>\n\t\t\t<\/div>\n\t\t\t<\/div>\n<\/div>\n<\/div><\/div><\/div><div class=\"wpb_column vc_column_container vc_col-sm-12 vc_col-lg-4 vc_col-md-4 vc_col-has-fill\"><div class=\"vc_column-inner vc_custom_1449204266169\"><div class=\"wpb_wrapper\">\n<div class=\"stm_icon center icon_position_top\">\n\t\t\t<div class=\"icon\" style=\"font-size: 67px; height: 90px; color: #ffffff;\">\n\t\t\t<i class=\"stm-support\"><\/i>\n\t\t<\/div>\n\t\t<div class=\"icon_text\">\n\t\t\t\t\t<div class=\"title\" style=\"font-size: 24px; font-weight: 700; color: #ffffff;\">\n\t\t\t\t\t\t\t\t\t7\/24 Destek\t\t\t\t\t\t\t<\/div>\n\t\t\t\t\t\t\t<div class=\"text\" style=\"color: #ffffff;\">\n\t\t\t\t<p>T\u00fcm bunlar, TransCargo'daki \u00fcst\u00fcn destek ekibini i\u015finizi desteklemek i\u00e7in \u00e7\u00f6z\u00fcmlere olan tutkular\u0131n\u0131 uygulamaya neden haz\u0131r bulaca\u011f\u0131n\u0131z\u0131 a\u00e7\u0131kl\u0131yor.<\/p>\n\t\t\t<\/div>\n\t\t\t<\/div>\n<\/div>\n<\/div><\/div><\/div><\/div><div class=\"vc_row-full-width\"><\/div>","protected":false},"excerpt":{"rendered":"What makes us special? Over 42,000 dedicated employees, working in 17 regional clusters around the globe, deliver operational excellence. Packaging and Storage Warehousing service Ground Transport Logistic Services Request a Free Quote Freight...","protected":false},"author":1,"featured_media":0,"parent":0,"menu_order":0,"comment_status":"closed","ping_status":"closed","template":"","meta":{"inline_featured_image":false,"_monsterinsights_skip_tracking":false,"_monsterinsights_sitenote_active":false,"_monsterinsights_sitenote_note":"","_monsterinsights_sitenote_category":0,"footnotes":""},"class_list":["post-899","page","type-page","status-publish","hentry"],"_links":{"self":[{"href":"https:\/\/dewool.ge\/tr\/wp-json\/wp\/v2\/pages\/899","targetHints":{"allow":["GET"]}}],"collection":[{"href":"https:\/\/dewool.ge\/tr\/wp-json\/wp\/v2\/pages"}],"about":[{"href":"https:\/\/dewool.ge\/tr\/wp-json\/wp\/v2\/types\/page"}],"author":[{"embeddable":true,"href":"https:\/\/dewool.ge\/tr\/wp-json\/wp\/v2\/users\/1"}],"replies":[{"embeddable":true,"href":"https:\/\/dewool.ge\/tr\/wp-json\/wp\/v2\/comments?post=899"}],"version-history":[{"count":7,"href":"https:\/\/dewool.ge\/tr\/wp-json\/wp\/v2\/pages\/899\/revisions"}],"predecessor-version":[{"id":1434,"href":"https:\/\/dewool.ge\/tr\/wp-json\/wp\/v2\/pages\/899\/revisions\/1434"}],"wp:attachment":[{"href":"https:\/\/dewool.ge\/tr\/wp-json\/wp\/v2\/media?parent=899"}],"curies":[{"name":"wp","href":"https:\/\/api.w.org\/{rel}","templated":true}]}}