{"id":642,"date":"2015-11-24T05:41:19","date_gmt":"2015-11-24T05:41:19","guid":{"rendered":"http:\/\/logistics.stylemixthemes.com\/\/?page_id=642"},"modified":"2021-10-22T12:12:20","modified_gmt":"2021-10-22T08:12:20","slug":"service","status":"publish","type":"page","link":"https:\/\/dewool.ge\/tr\/service\/","title":{"rendered":"Hizmetlerimiz"},"content":{"rendered":"<div class=\"vc_row wpb_row vc_row-fluid vc_custom_1448347192284\"><div class=\"wpb_column vc_column_container vc_col-sm-12 vc_col-lg-4 vc_col-md-4\"><div class=\"vc_column-inner\"><div class=\"wpb_wrapper\">\n\t<div class=\"wpb_text_column wpb_content_element  vc_custom_1449136877107\" >\n\t\t<div class=\"wpb_wrapper\">\n\t\t\t<h2>DO\u011eRU F\u0130YATA KAL\u0130TE VE PERFORMANS<\/h2>\n\n\t\t<\/div>\n\t<\/div>\n<\/div><\/div><\/div><div class=\"wpb_column vc_column_container vc_col-sm-6 vc_col-lg-4 vc_col-md-4\"><div class=\"vc_column-inner\"><div class=\"wpb_wrapper\">\n\t<div class=\"wpb_text_column wpb_content_element\" >\n\t\t<div class=\"wpb_wrapper\">\n\t\t\t<p>Transcargo Ltd., d\u00fcnyan\u0131n \u00f6nde gelen u\u00e7tan uca tedarik zinciri \u00e7\u00f6z\u00fcmleri sa\u011flay\u0131c\u0131lar\u0131ndan biridir. K\u0131talararas\u0131 Hava ve Deniz Ta\u015f\u0131mac\u0131l\u0131\u011f\u0131'n\u0131 kapsaml\u0131 Katma De\u011ferli Lojistik Hizmetleri ve Tedarik Zinciri Hizmetleri ile birle\u015ftiriyoruz. Tedarik Zinciri \u00c7\u00f6z\u00fcmleri yelpazesi, basit ta\u015f\u0131ma veya depolamadan karma\u015f\u0131k operasyonlara kadar de\u011fi\u015febilir.<\/p>\n\n\t\t<\/div>\n\t<\/div>\n<\/div><\/div><\/div><div class=\"wpb_column vc_column_container vc_col-sm-6 vc_col-lg-4 vc_col-md-4\"><div class=\"vc_column-inner\"><div class=\"wpb_wrapper\">\n\t<div class=\"wpb_text_column wpb_content_element\" >\n\t\t<div class=\"wpb_wrapper\">\n\t\t\t<p>Bilgi, malzeme ve finansal ak\u0131\u015fla ilgili t\u00fcm faaliyetleri optimize ediyoruz. Sekt\u00f6re \u00f6zg\u00fc gereksinimlere \u00f6zel bir ba\u011fl\u0131l\u0131kla m\u00fc\u015fterilerimizin tedarik zinciri y\u00f6netimi ihtiya\u00e7lar\u0131na g\u00f6re uyarlanm\u0131\u015f k\u00fcresel olarak entegre u\u00e7tan uca \u00e7\u00f6z\u00fcmler sunuyoruz.<\/p>\n\n\t\t<\/div>\n\t<\/div>\n<\/div><\/div><\/div><\/div><div data-vc-full-width=\"true\" data-vc-full-width-init=\"false\" class=\"vc_row wpb_row vc_row-fluid vc_custom_1448346440762 vc_row-has-fill\"><div class=\"wpb_column vc_column_container vc_col-sm-12\"><div class=\"vc_column-inner\"><div class=\"wpb_wrapper\"><div class=\"vc_row wpb_row vc_inner vc_row-fluid vc_custom_1449136946410\"><div class=\"wpb_column vc_column_container vc_col-sm-6\"><div class=\"vc_column-inner vc_custom_1449136957585\"><div class=\"wpb_wrapper\">\n<div class=\"stm_icon left icon_position_top\">\n\t\t\t<div class=\"icon\" style=\"font-size: 89px; height: 100px;\">\n\t\t\t<i class=\"stm-ship\"><\/i>\n\t\t<\/div>\n\t\t<div class=\"icon_text\">\n\t\t\t\t\t<div class=\"title\" style=\"font-size: 24px; font-weight: 700; color: #ffffff;\">\n\t\t\t\t\t\t\t\t\t\t\t\t\t\t<a style=\"font-size: 24px; font-weight: 700; color: #ffffff;\" href=\"\/tr\/services\/sea-freight\/\" target=\"_self\">Deniz ta\u015f\u0131mac\u0131l\u0131\u011f\u0131<\/a>\n\t\t\t\t\t\t\t<\/div>\n\t\t\t\t\t\t\t<div class=\"text\" style=\"color: #ffffff;\">\n\t\t\t\t<p>TransCargo, d\u00fcnyan\u0131n en b\u00fcy\u00fck d\u00f6rd\u00fcnc\u00fc deniz ta\u015f\u0131mac\u0131l\u0131\u011f\u0131 hizmetleri sa\u011flay\u0131c\u0131s\u0131d\u0131r. 2013 y\u0131l\u0131nda TransCargo, okyanus ta\u015f\u0131mac\u0131l\u0131\u011f\u0131 yoluyla yakla\u015f\u0131k 1,5 milyon TEU h\u0131zland\u0131rd\u0131. \u015eirketin m\u00fc\u015fterilerle ili\u015fkisi, tamamen i\u015flemsel ticaretten katma de\u011ferli tekliflere do\u011fru kay\u0131yor.<\/p>\n\t\t\t<\/div>\n\t\t\t<\/div>\n<\/div>\n<\/div><\/div><\/div><div class=\"wpb_column vc_column_container vc_col-sm-6\"><div class=\"vc_column-inner vc_custom_1449136961602\"><div class=\"wpb_wrapper\">\n<div class=\"stm_icon left icon_position_top\">\n\t\t\t<div class=\"icon\" style=\"font-size: 89px; height: 100px;\">\n\t\t\t<i class=\"stm-transport842\"><\/i>\n\t\t<\/div>\n\t\t<div class=\"icon_text\">\n\t\t\t\t\t<div class=\"title\" style=\"font-size: 24px; font-weight: 700; color: #ffffff;\">\n\t\t\t\t\t\t\t\t\t\t\t\t\t\t<a style=\"font-size: 24px; font-weight: 700; color: #ffffff;\" href=\"\/tr\/services\/road-transportation\/\" target=\"_self\">Karayolu Ta\u015f\u0131mac\u0131l\u0131\u011f\u0131<\/a>\n\t\t\t\t\t\t\t<\/div>\n\t\t\t\t\t\t\t<div class=\"text\" style=\"color: #ffffff;\">\n\t\t\t\t<p>TransCargo'nun d\u00fcnya \u00e7ap\u0131ndaki a\u011f\u0131, \u015firketinizin mallar\u0131n\u0131z\u0131 da\u011f\u0131tmak i\u00e7in verimli ve ki\u015fiye \u00f6zel yerel ve s\u0131n\u0131r \u00f6tesi programlar geli\u015ftirmesine yard\u0131mc\u0131 olmak i\u00e7in iyi konumland\u0131r\u0131lm\u0131\u015f ve niteliklidir. Yol uzmanlar\u0131m\u0131z, operasyonel m\u00fckemmelli\u011fin yan\u0131 s\u0131ra ge\u00e7i\u015f s\u00fcresi a\u00e7\u0131s\u0131ndan ihtiya\u00e7lar\u0131n\u0131z\u0131 kar\u015f\u0131layan uygun maliyetli \u00e7\u00f6z\u00fcmler sa\u011flayacakt\u0131r.<\/p>\n\t\t\t<\/div>\n\t\t\t<\/div>\n<\/div>\n<\/div><\/div><\/div><\/div><div class=\"vc_row wpb_row vc_inner vc_row-fluid vc_custom_1449136951770\"><div class=\"wpb_column vc_column_container vc_col-sm-6\"><div class=\"vc_column-inner vc_custom_1449136966415\"><div class=\"wpb_wrapper\">\n<div class=\"stm_icon left icon_position_top\">\n\t\t\t<div class=\"icon\" style=\"font-size: 73px; height: 100px;\">\n\t\t\t<i class=\"stm-transport847\"><\/i>\n\t\t<\/div>\n\t\t<div class=\"icon_text\">\n\t\t\t\t\t<div class=\"title\" style=\"font-size: 24px; font-weight: 700; color: #ffffff;\">\n\t\t\t\t\t\t\t\t\t\t\t\t\t\t<a style=\"font-size: 24px; font-weight: 700; color: #ffffff;\" href=\"\/tr\/services\/rail-transportation\/\" target=\"_self\">Demiryolu ta\u015f\u0131mac\u0131l\u0131\u011f\u0131<\/a>\n\t\t\t\t\t\t\t<\/div>\n\t\t\t\t\t\t\t<div class=\"text\" style=\"color: #ffffff;\">\n\t\t\t\t<p>Hava ta\u015f\u0131mac\u0131l\u0131\u011f\u0131nda standard\u0131 belirlemek. K\u00fcresel a\u011f\u0131m\u0131z, y\u0131llar\u0131n deneyimine dayanan ve m\u00fc\u015fterilerimizin de\u011fi\u015fen ihtiya\u00e7lar\u0131ndan etkilenen i\u015fletmelerin b\u00fcy\u00fcmesine yard\u0131mc\u0131 olacak g\u00fcce sahiptir. Yol uzmanlar\u0131m\u0131z, operasyonel m\u00fckemmelli\u011fin yan\u0131 s\u0131ra uygun maliyetli \u00e7\u00f6z\u00fcmler sa\u011flayacakt\u0131r.<\/p>\n\t\t\t<\/div>\n\t\t\t<\/div>\n<\/div>\n<\/div><\/div><\/div><div class=\"wpb_column vc_column_container vc_col-sm-6\"><div class=\"vc_column-inner vc_custom_1449136971250\"><div class=\"wpb_wrapper\">\n<div class=\"stm_icon left icon_position_top\">\n\t\t\t<div class=\"icon\" style=\"font-size: 89px; height: 100px;\">\n\t\t\t<i class=\"stm-warehouse\"><\/i>\n\t\t<\/div>\n\t\t<div class=\"icon_text\">\n\t\t\t\t\t<div class=\"title\" style=\"font-size: 24px; font-weight: 700; color: #ffffff;\">\n\t\t\t\t\t\t\t\t\t\t\t\t\t\t<a style=\"font-size: 24px; font-weight: 700; color: #ffffff;\" href=\"\/tr\/services\/warehousing-and-terminal-services\/\" target=\"_self\">Depolama ve terminal\u00a0hizmetleri<\/a>\n\t\t\t\t\t\t\t<\/div>\n\t\t\t\t\t\t\t<div class=\"text\" style=\"color: #ffffff;\">\n\t\t\t\t<p>Varl\u0131\u011fa dayal\u0131 i\u015fletme modelimiz, uyum, g\u00fcvenlik, g\u00fcvenlik, profesyonellik ve \u00e7evresel liderli\u011fe vurgu yaparak \u00e7e\u015fitli m\u00fc\u015fteri gereksinimlerine dayal\u0131 olarak do\u011fru nitelikli alt y\u00fcklenicileri se\u00e7memizi sa\u011flar.<\/p>\n\t\t\t<\/div>\n\t\t\t<\/div>\n<\/div>\n<\/div><\/div><\/div><\/div><\/div><\/div><\/div><\/div><div class=\"vc_row-full-width\"><\/div><div data-vc-full-width=\"true\" data-vc-full-width-init=\"false\" class=\"vc_row wpb_row vc_row-fluid secondary_bg_color vc_custom_1448346766847\"><div class=\"wpb_column vc_column_container vc_col-sm-12\"><div class=\"vc_column-inner\"><div class=\"wpb_wrapper\"><section class=\"vc_cta3-container\"><div class=\"vc_general vc_cta3 secondary_bg_color vc_cta3-style-classic vc_cta3-shape-square vc_cta3-align-left vc_cta3-color-classic vc_cta3-icon-size-md vc_cta3-actions-right\"><div class=\"vc_cta3_content-container\"><div class=\"vc_cta3-content\"><header class=\"vc_cta3-content-header\"><h2>Hangi \u00e7\u00f6z\u00fcm\u00fcn i\u015f ihtiya\u00e7lar\u0131n\u0131za uygun oldu\u011fundan emin de\u011fil misiniz?<\/h2><\/header><\/div><div class=\"vc_cta3-actions\"><div class=\"vc_btn3-container vc_btn3-inline\" ><a class=\"vc_general vc_btn3 vc_btn3-size-md vc_btn3-shape-round vc_btn3-style-outline vc_btn3-icon-right vc_btn3-color-white\" href=\"\/tr\/contacts\/\" title=\"\">Ileti\u015fim <i class=\"vc_btn3-icon stm-arrow-next\"><\/i><\/a><\/div><\/div><\/div><\/div><\/section><\/div><\/div><\/div><\/div><div class=\"vc_row-full-width\"><\/div><div class=\"vc_row wpb_row vc_row-fluid vc_custom_1449137019491\"><div class=\"wpb_column vc_column_container vc_col-sm-6\"><div class=\"vc_column-inner\"><div class=\"wpb_wrapper\">\n\t<div class=\"wpb_text_column wpb_content_element  vc_custom_1449137011806\" >\n\t\t<div class=\"wpb_wrapper\">\n\t\t\t<h3>Etkili \u00e7\u00f6z\u00fcmler<\/h3>\n<p>D\u00fcnyan\u0131n en b\u00fcy\u00fck \u015firketlerinden baz\u0131lar\u0131n\u0131n karma\u015f\u0131k k\u00fcresel tedarik zincirlerine etkili \u00e7\u00f6z\u00fcmler sunma konusundaki deneyimimizden faydalan\u0131rs\u0131n\u0131z. \u0130ster Hava ve Deniz Ta\u015f\u0131mac\u0131l\u0131\u011f\u0131 \u00fcr\u00fcnlerimizin basit bir \u015fekilde geni\u015fletilmesi olsun, ister depolama alan\u0131nda bir geli\u015fme olsun, ister tamamen yeni bir entegre tedarik zinciri modeli gerektirsin, her yenilikten yararlan\u0131rs\u0131n\u0131z.<\/p>\n\n\t\t<\/div>\n\t<\/div>\n<\/div><\/div><\/div><div class=\"wpb_column vc_column_container vc_col-sm-6\"><div class=\"vc_column-inner\"><div class=\"wpb_wrapper\">\n\t<div  class=\"wpb_single_image wpb_content_element vc_align_right\">\n\t\t\n\t\t<figure class=\"wpb_wrapper vc_figure\">\n\t\t\t<div class=\"vc_single_image-wrapper   vc_box_border_grey\"><img loading=\"lazy\" decoding=\"async\" width=\"1920\" height=\"1920\" src=\"https:\/\/dewool.ge\/wp-content\/uploads\/2015\/11\/placeholder-1.gif\" class=\"vc_single_image-img attachment-full\" alt=\"placeholder\" \/><\/div>\n\t\t<\/figure>\n\t<\/div>\n<\/div><\/div><\/div><\/div><div data-vc-full-width=\"true\" data-vc-full-width-init=\"false\" data-vc-stretch-content=\"true\" class=\"vc_row wpb_row vc_row-fluid secondary_bg_color services_icons reset-sm-paddings vc_custom_1450671531930 vc_row-no-padding vc_row-o-equal-height vc_row-o-content-top vc_row-flex\"><div class=\"wpb_column vc_column_container vc_col-sm-12 vc_col-lg-4 vc_col-md-4\"><div class=\"vc_column-inner vc_custom_1449204255225\"><div class=\"wpb_wrapper\">\n<div class=\"stm_icon center icon_position_top\">\n\t\t\t<div class=\"icon\" style=\"font-size: 67px; height: 90px; color: #ffffff;\">\n\t\t\t<i class=\"stm-security\"><\/i>\n\t\t<\/div>\n\t\t<div class=\"icon_text\">\n\t\t\t\t\t<div class=\"title\" style=\"font-size: 24px; font-weight: 700; color: #ffffff;\">\n\t\t\t\t\t\t\t\t\tG\u00fcvenli ve G\u00fcvenli\t\t\t\t\t\t\t<\/div>\n\t\t\t\t\t\t\t<div class=\"text\" style=\"color: #ffffff;\">\n\t\t\t\t<p>D\u00fcnyan\u0131n en b\u00fcy\u00fck \u015firketlerinden baz\u0131lar\u0131n\u0131n karma\u015f\u0131k k\u00fcresel tedarik zincirlerine etkili \u00e7\u00f6z\u00fcmler sunma konusundaki deneyimimizden faydalan\u0131rs\u0131n\u0131z.<\/p>\n\t\t\t<\/div>\n\t\t\t<\/div>\n<\/div>\n<\/div><\/div><\/div><div class=\"wpb_column vc_column_container vc_col-sm-12 vc_col-lg-4 vc_col-md-4 vc_col-has-fill\"><div class=\"vc_column-inner vc_custom_1449204260881\"><div class=\"wpb_wrapper\">\n<div class=\"stm_icon center icon_position_top\">\n\t\t\t<div class=\"icon\" style=\"font-size: 67px; height: 90px; color: #ffffff;\">\n\t\t\t<i class=\"stm-fast-delivery\"><\/i>\n\t\t<\/div>\n\t\t<div class=\"icon_text\">\n\t\t\t\t\t<div class=\"title\" style=\"font-size: 24px; font-weight: 700; color: #ffffff;\">\n\t\t\t\t\t\t\t\t\tH\u0131zl\u0131 teslimat\t\t\t\t\t\t\t<\/div>\n\t\t\t\t\t\t\t<div class=\"text\" style=\"color: #ffffff;\">\n\t\t\t\t<p>\u0130ster Hava ve Deniz Ta\u015f\u0131mac\u0131l\u0131\u011f\u0131 \u00fcr\u00fcnlerimizin basit bir uzant\u0131s\u0131 olsun, ister depolama alan\u0131nda bir geli\u015fme olsun, her yenilikten yararlan\u0131rs\u0131n\u0131z.<\/p>\n\t\t\t<\/div>\n\t\t\t<\/div>\n<\/div>\n<\/div><\/div><\/div><div class=\"wpb_column vc_column_container vc_col-sm-12 vc_col-lg-4 vc_col-md-4 vc_col-has-fill\"><div class=\"vc_column-inner vc_custom_1449204266169\"><div class=\"wpb_wrapper\">\n<div class=\"stm_icon center icon_position_top\">\n\t\t\t<div class=\"icon\" style=\"font-size: 67px; height: 90px; color: #ffffff;\">\n\t\t\t<i class=\"stm-support\"><\/i>\n\t\t<\/div>\n\t\t<div class=\"icon_text\">\n\t\t\t\t\t<div class=\"title\" style=\"font-size: 24px; font-weight: 700; color: #ffffff;\">\n\t\t\t\t\t\t\t\t\t7\/24 Destek\t\t\t\t\t\t\t<\/div>\n\t\t\t\t\t\t\t<div class=\"text\" style=\"color: #ffffff;\">\n\t\t\t\t<p>T\u00fcm bunlar, TransCargo'daki \u00fcst\u00fcn destek ekibini i\u015finizi desteklemek i\u00e7in \u00e7\u00f6z\u00fcmlere olan tutkular\u0131n\u0131 uygulamaya neden haz\u0131r bulaca\u011f\u0131n\u0131z\u0131 a\u00e7\u0131kl\u0131yor.<\/p>\n\t\t\t<\/div>\n\t\t\t<\/div>\n<\/div>\n<\/div><\/div><\/div><\/div><div class=\"vc_row-full-width\"><\/div>","protected":false},"excerpt":{"rendered":"Quality and Performance at the right price Transcargo Ltd.\u00a0is one of the world's leading providers of end-to-end supply chain solutions. We combine intercontinental Air and Ocean Freight with comprehensive Value-Added Logistics Services and...","protected":false},"author":1,"featured_media":0,"parent":0,"menu_order":0,"comment_status":"closed","ping_status":"closed","template":"","meta":{"inline_featured_image":false,"_monsterinsights_skip_tracking":false,"_monsterinsights_sitenote_active":false,"_monsterinsights_sitenote_note":"","_monsterinsights_sitenote_category":0,"footnotes":""},"class_list":["post-642","page","type-page","status-publish","hentry"],"_links":{"self":[{"href":"https:\/\/dewool.ge\/tr\/wp-json\/wp\/v2\/pages\/642","targetHints":{"allow":["GET"]}}],"collection":[{"href":"https:\/\/dewool.ge\/tr\/wp-json\/wp\/v2\/pages"}],"about":[{"href":"https:\/\/dewool.ge\/tr\/wp-json\/wp\/v2\/types\/page"}],"author":[{"embeddable":true,"href":"https:\/\/dewool.ge\/tr\/wp-json\/wp\/v2\/users\/1"}],"replies":[{"embeddable":true,"href":"https:\/\/dewool.ge\/tr\/wp-json\/wp\/v2\/comments?post=642"}],"version-history":[{"count":5,"href":"https:\/\/dewool.ge\/tr\/wp-json\/wp\/v2\/pages\/642\/revisions"}],"predecessor-version":[{"id":1381,"href":"https:\/\/dewool.ge\/tr\/wp-json\/wp\/v2\/pages\/642\/revisions\/1381"}],"wp:attachment":[{"href":"https:\/\/dewool.ge\/tr\/wp-json\/wp\/v2\/media?parent=642"}],"curies":[{"name":"wp","href":"https:\/\/api.w.org\/{rel}","templated":true}]}}