{"id":561,"date":"2015-11-20T07:07:06","date_gmt":"2015-11-20T07:07:06","guid":{"rendered":"http:\/\/logistics.stylemixthemes.com\/\/?page_id=561"},"modified":"2015-11-20T07:07:06","modified_gmt":"2015-11-20T07:07:06","slug":"gallery-grid","status":"publish","type":"page","link":"https:\/\/dewool.ge\/tr\/gallery-grid\/","title":{"rendered":"Gallery Grid"},"content":{"rendered":"<div data-vc-full-width=\"true\" data-vc-full-width-init=\"false\" data-vc-stretch-content=\"true\" class=\"vc_row wpb_row vc_row-fluid vc_custom_1448260173217 vc_row-no-padding\"><div class=\"wpb_column vc_column_container vc_col-sm-12\"><div class=\"vc_column-inner\"><div class=\"wpb_wrapper\"><div id=\"stm_gallery_69dc2304b2364\" class=\"stm_gallery_wr cols_4\">\n\t<div class=\"stm_gallery_nav_wr media container\">\n\t\t<div class=\"stm_gallery_nav media-body media-middle\">\n\t\t\t<ul>\n\t\t\t\t<li class=\"active\"><a href=\"#all\">All<\/a><\/li>\n\t\t\t\t\t\t\t\t\t<li><a href=\"#railway-wagon-stuffing-in-poti-for-kazakhstan\">Kazakistan i\u00e7in Potshi'ye demiryolu vagonlar\u0131n\u0131 indirin<\/a><\/li>\n\t\t\t\t\t\t\t<\/ul>\n\t\t<\/div>\n\t\t<div class=\"stm_gallery_nav media-right media-middle\">\n\t\t\t<a href=\"#\" class=\"stm_gallery_switcher\">\n\t\t\t\t<i class=\"stm-arrow-bottom-left left\"><\/i>\n\t\t\t\t<i class=\"stm-arrow-top-right right\"><\/i>\n\t\t\t<\/a>\n\t\t<\/div>\n\t<\/div>\n\t<div class=\"stm_gallery container\">\n\t\t<div class=\"row\">\n\t\t\t\t\t\t\t\t\t\t\t\t\t\t\t\t\t\t\t\t\t\t\t\t<div class=\"item all railway-wagon-stuffing-in-poti-for-kazakhstan\">\n\t\t\t\t\t\t<a title=\"43\" rel=\"fancy_69dc2304b2365\" class=\"fancybox\" href=\"https:\/\/dewool.ge\/wp-content\/uploads\/2021\/11\/bober-silikoni-2jpg.jpg\">\n\t\t\t\t\t\t\t<img loading=\"lazy\" decoding=\"async\" class=\"\" src=\"https:\/\/dewool.ge\/wp-content\/uploads\/2021\/11\/bober-silikoni-2jpg-480x320.jpg\" width=\"480\" height=\"320\" alt=\"bober-silikoni-2jpg\" title=\"bober-silikoni-2jpg\" \/>\t\t\t\t\t\t<\/a>\n\t\t\t\t\t<\/div>\n\t\t\t\t\t\t\t\t\t\t\t\t\t\t\t\t\t\t\t\t\t\t\t\t\t<div class=\"item all railway-wagon-stuffing-in-poti-for-kazakhstan\">\n\t\t\t\t\t\t<a title=\"42\" rel=\"fancy_69dc2304b2365\" class=\"fancybox\" href=\"https:\/\/dewool.ge\/wp-content\/uploads\/2021\/11\/42.jpg\">\n\t\t\t\t\t\t\t<img loading=\"lazy\" decoding=\"async\" class=\"\" src=\"https:\/\/dewool.ge\/wp-content\/uploads\/2021\/11\/42-480x320.jpg\" width=\"480\" height=\"320\" alt=\"42\" title=\"42\" \/>\t\t\t\t\t\t<\/a>\n\t\t\t\t\t<\/div>\n\t\t\t\t\t\t\t\t\t\t\t\t\t\t\t\t\t\t\t\t\t\t\t\t\t<div class=\"item all railway-wagon-stuffing-in-poti-for-kazakhstan\">\n\t\t\t\t\t\t<a title=\"41\" rel=\"fancy_69dc2304b2365\" class=\"fancybox\" href=\"https:\/\/dewool.ge\/wp-content\/uploads\/2021\/11\/41.jpg\">\n\t\t\t\t\t\t\t<img loading=\"lazy\" decoding=\"async\" class=\"\" src=\"https:\/\/dewool.ge\/wp-content\/uploads\/2021\/11\/41-480x320.jpg\" width=\"480\" height=\"320\" alt=\"41\" title=\"41\" \/>\t\t\t\t\t\t<\/a>\n\t\t\t\t\t<\/div>\n\t\t\t\t\t\t\t\t\t\t\t\t\t\t\t\t\t\t\t\t\t\t\t\t\t<div class=\"item all railway-wagon-stuffing-in-poti-for-kazakhstan\">\n\t\t\t\t\t\t<a title=\"40\" rel=\"fancy_69dc2304b2365\" class=\"fancybox\" href=\"https:\/\/dewool.ge\/wp-content\/uploads\/2021\/11\/40.jpg\">\n\t\t\t\t\t\t\t<img loading=\"lazy\" decoding=\"async\" class=\"\" src=\"https:\/\/dewool.ge\/wp-content\/uploads\/2021\/11\/40-480x320.jpg\" width=\"480\" height=\"320\" alt=\"40\" title=\"40\" \/>\t\t\t\t\t\t<\/a>\n\t\t\t\t\t<\/div>\n\t\t\t\t\t\t\t\t\t\t\t\t\t\t\t\t\t\t\t\t\t\t\t\t\t<div class=\"item all railway-wagon-stuffing-in-poti-for-kazakhstan\">\n\t\t\t\t\t\t<a title=\"39\" rel=\"fancy_69dc2304b2365\" class=\"fancybox\" href=\"https:\/\/dewool.ge\/wp-content\/uploads\/2021\/11\/39.jpg\">\n\t\t\t\t\t\t\t<img loading=\"lazy\" decoding=\"async\" class=\"\" src=\"https:\/\/dewool.ge\/wp-content\/uploads\/2021\/11\/39-480x320.jpg\" width=\"480\" height=\"320\" alt=\"39\" title=\"39\" \/>\t\t\t\t\t\t<\/a>\n\t\t\t\t\t<\/div>\n\t\t\t\t\t\t\t\t\t\t\t\t\t\t\t\t\t\t\t\t\t\t\t\t\t<div class=\"item all railway-wagon-stuffing-in-poti-for-kazakhstan\">\n\t\t\t\t\t\t<a title=\"38\" rel=\"fancy_69dc2304b2365\" class=\"fancybox\" href=\"https:\/\/dewool.ge\/wp-content\/uploads\/2021\/11\/38.jpg\">\n\t\t\t\t\t\t\t<img loading=\"lazy\" decoding=\"async\" class=\"\" src=\"https:\/\/dewool.ge\/wp-content\/uploads\/2021\/11\/38-480x320.jpg\" width=\"480\" height=\"320\" alt=\"38\" title=\"38\" \/>\t\t\t\t\t\t<\/a>\n\t\t\t\t\t<\/div>\n\t\t\t\t\t\t\t\t\t\t\t\t\t\t\t\t\t\t\t\t\t\t\t\t\t<div class=\"item all railway-wagon-stuffing-in-poti-for-kazakhstan\">\n\t\t\t\t\t\t<a title=\"37\" rel=\"fancy_69dc2304b2365\" class=\"fancybox\" href=\"https:\/\/dewool.ge\/wp-content\/uploads\/2021\/11\/37.jpg\">\n\t\t\t\t\t\t\t<img loading=\"lazy\" decoding=\"async\" class=\"\" src=\"https:\/\/dewool.ge\/wp-content\/uploads\/2021\/11\/37-480x320.jpg\" width=\"480\" height=\"320\" alt=\"37\" title=\"37\" \/>\t\t\t\t\t\t<\/a>\n\t\t\t\t\t<\/div>\n\t\t\t\t\t\t\t\t\t\t\t\t\t\t\t\t\t\t\t\t\t\t\t\t\t<div class=\"item all railway-wagon-stuffing-in-poti-for-kazakhstan\">\n\t\t\t\t\t\t<a title=\"36\" rel=\"fancy_69dc2304b2365\" class=\"fancybox\" href=\"https:\/\/dewool.ge\/wp-content\/uploads\/2021\/11\/36.jpg\">\n\t\t\t\t\t\t\t<img loading=\"lazy\" decoding=\"async\" class=\"\" src=\"https:\/\/dewool.ge\/wp-content\/uploads\/2021\/11\/36-480x320.jpg\" width=\"480\" height=\"320\" alt=\"36\" title=\"36\" \/>\t\t\t\t\t\t<\/a>\n\t\t\t\t\t<\/div>\n\t\t\t\t\t\t\t\t\t\t\t\t\t\t\t\t\t\t\t\t\t\t\t\t\t<div class=\"item all railway-wagon-stuffing-in-poti-for-kazakhstan\">\n\t\t\t\t\t\t<a title=\"35\" rel=\"fancy_69dc2304b2365\" class=\"fancybox\" href=\"https:\/\/dewool.ge\/wp-content\/uploads\/2021\/11\/35.jpg\">\n\t\t\t\t\t\t\t<img loading=\"lazy\" decoding=\"async\" class=\"\" src=\"https:\/\/dewool.ge\/wp-content\/uploads\/2021\/11\/35-480x320.jpg\" width=\"480\" height=\"320\" alt=\"35\" title=\"35\" \/>\t\t\t\t\t\t<\/a>\n\t\t\t\t\t<\/div>\n\t\t\t\t\t\t\t\t\t\t\t\t\t\t\t\t\t\t\t\t\t\t\t\t\t<div class=\"item all railway-wagon-stuffing-in-poti-for-kazakhstan\">\n\t\t\t\t\t\t<a title=\"34\" rel=\"fancy_69dc2304b2365\" class=\"fancybox\" href=\"https:\/\/dewool.ge\/wp-content\/uploads\/2021\/11\/34.jpg\">\n\t\t\t\t\t\t\t<img loading=\"lazy\" decoding=\"async\" class=\"\" src=\"https:\/\/dewool.ge\/wp-content\/uploads\/2021\/11\/34-480x320.jpg\" width=\"480\" height=\"320\" alt=\"34\" title=\"34\" \/>\t\t\t\t\t\t<\/a>\n\t\t\t\t\t<\/div>\n\t\t\t\t\t\t\t\t\t\t\t\t\t\t\t\t\t\t\t\t\t\t\t\t\t<div class=\"item all railway-wagon-stuffing-in-poti-for-kazakhstan\">\n\t\t\t\t\t\t<a title=\"33\" rel=\"fancy_69dc2304b2365\" class=\"fancybox\" href=\"https:\/\/dewool.ge\/wp-content\/uploads\/2021\/11\/33.jpg\">\n\t\t\t\t\t\t\t<img loading=\"lazy\" decoding=\"async\" class=\"\" src=\"https:\/\/dewool.ge\/wp-content\/uploads\/2021\/11\/33-480x320.jpg\" width=\"480\" height=\"320\" alt=\"33\" title=\"33\" \/>\t\t\t\t\t\t<\/a>\n\t\t\t\t\t<\/div>\n\t\t\t\t\t\t\t\t\t\t\t\t\t\t\t\t\t\t\t\t\t\t\t\t\t<div class=\"item all railway-wagon-stuffing-in-poti-for-kazakhstan\">\n\t\t\t\t\t\t<a title=\"32\" rel=\"fancy_69dc2304b2365\" class=\"fancybox\" href=\"https:\/\/dewool.ge\/wp-content\/uploads\/2021\/11\/32.jpg\">\n\t\t\t\t\t\t\t<img loading=\"lazy\" decoding=\"async\" class=\"\" src=\"https:\/\/dewool.ge\/wp-content\/uploads\/2021\/11\/32-480x320.jpg\" width=\"480\" height=\"320\" alt=\"32\" title=\"32\" \/>\t\t\t\t\t\t<\/a>\n\t\t\t\t\t<\/div>\n\t\t\t\t\t\t\t\t\t\t\t\t\t\t\t\t\t\t\t\t\t\t\t\t\t<div class=\"item all railway-wagon-stuffing-in-poti-for-kazakhstan\">\n\t\t\t\t\t\t<a title=\"31\" rel=\"fancy_69dc2304b2365\" class=\"fancybox\" href=\"https:\/\/dewool.ge\/wp-content\/uploads\/2021\/11\/31.jpg\">\n\t\t\t\t\t\t\t<img loading=\"lazy\" decoding=\"async\" class=\"\" src=\"https:\/\/dewool.ge\/wp-content\/uploads\/2021\/11\/31-480x320.jpg\" width=\"480\" height=\"320\" alt=\"31\" title=\"31\" \/>\t\t\t\t\t\t<\/a>\n\t\t\t\t\t<\/div>\n\t\t\t\t\t\t\t\t\t\t\t\t\t\t\t\t\t\t\t\t\t\t\t\t\t<div class=\"item all railway-wagon-stuffing-in-poti-for-kazakhstan\">\n\t\t\t\t\t\t<a title=\"30\" rel=\"fancy_69dc2304b2365\" class=\"fancybox\" href=\"https:\/\/dewool.ge\/wp-content\/uploads\/2021\/11\/30.jpg\">\n\t\t\t\t\t\t\t<img loading=\"lazy\" decoding=\"async\" class=\"\" src=\"https:\/\/dewool.ge\/wp-content\/uploads\/2021\/11\/30-480x320.jpg\" width=\"480\" height=\"320\" alt=\"30\" title=\"30\" \/>\t\t\t\t\t\t<\/a>\n\t\t\t\t\t<\/div>\n\t\t\t\t\t\t\t\t\t\t\t\t\t\t\t\t\t\t\t\t\t\t\t\t\t<div class=\"item all railway-wagon-stuffing-in-poti-for-kazakhstan\">\n\t\t\t\t\t\t<a title=\"29\" rel=\"fancy_69dc2304b2365\" class=\"fancybox\" href=\"https:\/\/dewool.ge\/wp-content\/uploads\/2021\/11\/29.jpg\">\n\t\t\t\t\t\t\t<img loading=\"lazy\" decoding=\"async\" class=\"\" src=\"https:\/\/dewool.ge\/wp-content\/uploads\/2021\/11\/29-480x320.jpg\" width=\"480\" height=\"320\" alt=\"29\" title=\"29\" \/>\t\t\t\t\t\t<\/a>\n\t\t\t\t\t<\/div>\n\t\t\t\t\t\t\t\t\t\t\t\t\t\t\t\t\t\t\t\t\t\t\t\t\t<div class=\"item all railway-wagon-stuffing-in-poti-for-kazakhstan\">\n\t\t\t\t\t\t<a title=\"28\" rel=\"fancy_69dc2304b2365\" class=\"fancybox\" href=\"https:\/\/dewool.ge\/wp-content\/uploads\/2021\/11\/28.jpg\">\n\t\t\t\t\t\t\t<img loading=\"lazy\" decoding=\"async\" class=\"\" src=\"https:\/\/dewool.ge\/wp-content\/uploads\/2021\/11\/28-480x320.jpg\" width=\"480\" height=\"320\" alt=\"28\" title=\"28\" \/>\t\t\t\t\t\t<\/a>\n\t\t\t\t\t<\/div>\n\t\t\t\t\t\t\t\t\t\t\t\t\t\t\t\t\t\t\t\t\t\t\t\t\t<div class=\"item all railway-wagon-stuffing-in-poti-for-kazakhstan\">\n\t\t\t\t\t\t<a title=\"27\" rel=\"fancy_69dc2304b2365\" class=\"fancybox\" href=\"https:\/\/dewool.ge\/wp-content\/uploads\/2021\/11\/27.jpg\">\n\t\t\t\t\t\t\t<img loading=\"lazy\" decoding=\"async\" class=\"\" src=\"https:\/\/dewool.ge\/wp-content\/uploads\/2021\/11\/27-480x320.jpg\" width=\"480\" height=\"320\" alt=\"27\" title=\"27\" \/>\t\t\t\t\t\t<\/a>\n\t\t\t\t\t<\/div>\n\t\t\t\t\t\t\t\t\t\t\t\t\t\t\t\t\t\t\t\t\t\t\t\t\t<div class=\"item all railway-wagon-stuffing-in-poti-for-kazakhstan\">\n\t\t\t\t\t\t<a title=\"26\" rel=\"fancy_69dc2304b2365\" class=\"fancybox\" href=\"https:\/\/dewool.ge\/wp-content\/uploads\/2021\/11\/26.jpg\">\n\t\t\t\t\t\t\t<img loading=\"lazy\" decoding=\"async\" class=\"\" src=\"https:\/\/dewool.ge\/wp-content\/uploads\/2021\/11\/26-480x320.jpg\" width=\"480\" height=\"320\" alt=\"26\" title=\"26\" \/>\t\t\t\t\t\t<\/a>\n\t\t\t\t\t<\/div>\n\t\t\t\t\t\t\t\t\t\t\t\t\t\t\t\t\t\t\t\t\t\t\t\t\t<div class=\"item all railway-wagon-stuffing-in-poti-for-kazakhstan\">\n\t\t\t\t\t\t<a title=\"25\" rel=\"fancy_69dc2304b2365\" class=\"fancybox\" href=\"https:\/\/dewool.ge\/wp-content\/uploads\/2021\/11\/25.jpg\">\n\t\t\t\t\t\t\t<img loading=\"lazy\" decoding=\"async\" class=\"\" src=\"https:\/\/dewool.ge\/wp-content\/uploads\/2021\/11\/25-480x320.jpg\" width=\"480\" height=\"320\" alt=\"25\" title=\"25\" \/>\t\t\t\t\t\t<\/a>\n\t\t\t\t\t<\/div>\n\t\t\t\t\t\t\t\t\t\t\t\t\t\t\t\t\t\t\t\t\t\t\t\t\t<div class=\"item all railway-wagon-stuffing-in-poti-for-kazakhstan\">\n\t\t\t\t\t\t<a title=\"24\" rel=\"fancy_69dc2304b2365\" class=\"fancybox\" href=\"https:\/\/dewool.ge\/wp-content\/uploads\/2021\/11\/24.jpg\">\n\t\t\t\t\t\t\t<img loading=\"lazy\" decoding=\"async\" class=\"\" src=\"https:\/\/dewool.ge\/wp-content\/uploads\/2021\/11\/24-480x320.jpg\" width=\"480\" height=\"320\" alt=\"24\" title=\"24\" \/>\t\t\t\t\t\t<\/a>\n\t\t\t\t\t<\/div>\n\t\t\t\t\t\t\t\t\t\t\t\t\t\t\t\t\t\t\t\t\t\t\t\t\t<div class=\"item all railway-wagon-stuffing-in-poti-for-kazakhstan\">\n\t\t\t\t\t\t<a title=\"23\" rel=\"fancy_69dc2304b2365\" class=\"fancybox\" href=\"https:\/\/dewool.ge\/wp-content\/uploads\/2021\/11\/23.jpg\">\n\t\t\t\t\t\t\t<img loading=\"lazy\" decoding=\"async\" class=\"\" src=\"https:\/\/dewool.ge\/wp-content\/uploads\/2021\/11\/23-480x320.jpg\" width=\"480\" height=\"320\" alt=\"23\" title=\"23\" \/>\t\t\t\t\t\t<\/a>\n\t\t\t\t\t<\/div>\n\t\t\t\t\t\t\t\t\t\t\t\t\t\t\t\t\t\t\t\t\t\t\t\t\t<div class=\"item all railway-wagon-stuffing-in-poti-for-kazakhstan\">\n\t\t\t\t\t\t<a title=\"22\" rel=\"fancy_69dc2304b2365\" class=\"fancybox\" href=\"https:\/\/dewool.ge\/wp-content\/uploads\/2021\/11\/22.jpg\">\n\t\t\t\t\t\t\t<img loading=\"lazy\" decoding=\"async\" class=\"\" src=\"https:\/\/dewool.ge\/wp-content\/uploads\/2021\/11\/22-480x320.jpg\" width=\"480\" height=\"320\" alt=\"22\" title=\"22\" \/>\t\t\t\t\t\t<\/a>\n\t\t\t\t\t<\/div>\n\t\t\t\t\t\t\t\t\t\t\t\t\t\t\t\t\t\t\t\t\t\t\t\t\t<div class=\"item all railway-wagon-stuffing-in-poti-for-kazakhstan\">\n\t\t\t\t\t\t<a title=\"21\" rel=\"fancy_69dc2304b2365\" class=\"fancybox\" href=\"https:\/\/dewool.ge\/wp-content\/uploads\/2021\/11\/21.jpg\">\n\t\t\t\t\t\t\t<img loading=\"lazy\" decoding=\"async\" class=\"\" src=\"https:\/\/dewool.ge\/wp-content\/uploads\/2021\/11\/21-480x320.jpg\" width=\"480\" height=\"320\" alt=\"21\" title=\"21\" \/>\t\t\t\t\t\t<\/a>\n\t\t\t\t\t<\/div>\n\t\t\t\t\t\t\t\t\t\t\t\t\t\t\t\t\t\t\t\t\t\t\t\t\t<div class=\"item all railway-wagon-stuffing-in-poti-for-kazakhstan\">\n\t\t\t\t\t\t<a title=\"20\" rel=\"fancy_69dc2304b2365\" class=\"fancybox\" href=\"https:\/\/dewool.ge\/wp-content\/uploads\/2021\/11\/20.jpg\">\n\t\t\t\t\t\t\t<img loading=\"lazy\" decoding=\"async\" class=\"\" src=\"https:\/\/dewool.ge\/wp-content\/uploads\/2021\/11\/20-480x320.jpg\" width=\"480\" height=\"320\" alt=\"20\" title=\"20\" \/>\t\t\t\t\t\t<\/a>\n\t\t\t\t\t<\/div>\n\t\t\t\t\t\t\t\t\t\t\t\t\t\t\t\t\t\t\t\t\t\t\t\t\t<div class=\"item all railway-wagon-stuffing-in-poti-for-kazakhstan\">\n\t\t\t\t\t\t<a title=\"19\" rel=\"fancy_69dc2304b2365\" class=\"fancybox\" href=\"https:\/\/dewool.ge\/wp-content\/uploads\/2021\/11\/19.jpg\">\n\t\t\t\t\t\t\t<img loading=\"lazy\" decoding=\"async\" class=\"\" src=\"https:\/\/dewool.ge\/wp-content\/uploads\/2021\/11\/19-480x320.jpg\" width=\"480\" height=\"320\" alt=\"19\" title=\"19\" \/>\t\t\t\t\t\t<\/a>\n\t\t\t\t\t<\/div>\n\t\t\t\t\t\t\t\t\t\t\t\t\t\t\t\t\t\t\t\t\t\t\t\t\t<div class=\"item all railway-wagon-stuffing-in-poti-for-kazakhstan\">\n\t\t\t\t\t\t<a title=\"18\" rel=\"fancy_69dc2304b2365\" class=\"fancybox\" href=\"https:\/\/dewool.ge\/wp-content\/uploads\/2021\/11\/18.jpg\">\n\t\t\t\t\t\t\t<img loading=\"lazy\" decoding=\"async\" class=\"\" src=\"https:\/\/dewool.ge\/wp-content\/uploads\/2021\/11\/18-480x320.jpg\" width=\"480\" height=\"320\" alt=\"18\" title=\"18\" \/>\t\t\t\t\t\t<\/a>\n\t\t\t\t\t<\/div>\n\t\t\t\t\t\t\t\t\t\t\t\t\t\t\t\t\t\t\t\t\t\t\t\t\t<div class=\"item all railway-wagon-stuffing-in-poti-for-kazakhstan\">\n\t\t\t\t\t\t<a title=\"17\" rel=\"fancy_69dc2304b2365\" class=\"fancybox\" href=\"https:\/\/dewool.ge\/wp-content\/uploads\/2021\/11\/17.jpg\">\n\t\t\t\t\t\t\t<img loading=\"lazy\" decoding=\"async\" class=\"\" src=\"https:\/\/dewool.ge\/wp-content\/uploads\/2021\/11\/17-480x320.jpg\" width=\"480\" height=\"320\" alt=\"17\" title=\"17\" \/>\t\t\t\t\t\t<\/a>\n\t\t\t\t\t<\/div>\n\t\t\t\t\t\t\t\t\t\t\t\t\t\t\t\t\t\t\t\t\t\t\t\t\t<div class=\"item all railway-wagon-stuffing-in-poti-for-kazakhstan\">\n\t\t\t\t\t\t<a title=\"15\" rel=\"fancy_69dc2304b2365\" class=\"fancybox\" href=\"https:\/\/dewool.ge\/wp-content\/uploads\/2021\/11\/15.jpg\">\n\t\t\t\t\t\t\t<img loading=\"lazy\" decoding=\"async\" class=\"\" src=\"https:\/\/dewool.ge\/wp-content\/uploads\/2021\/11\/15-480x320.jpg\" width=\"480\" height=\"320\" alt=\"15\" title=\"15\" \/>\t\t\t\t\t\t<\/a>\n\t\t\t\t\t<\/div>\n\t\t\t\t\t\t\t\t\t\t\t\t\t\t\t\t\t\t\t\t\t\t\t\t\t<div class=\"item all railway-wagon-stuffing-in-poti-for-kazakhstan\">\n\t\t\t\t\t\t<a title=\"14\" rel=\"fancy_69dc2304b2365\" class=\"fancybox\" href=\"https:\/\/dewool.ge\/wp-content\/uploads\/2021\/11\/14.jpg\">\n\t\t\t\t\t\t\t<img loading=\"lazy\" decoding=\"async\" class=\"\" src=\"https:\/\/dewool.ge\/wp-content\/uploads\/2021\/11\/14-480x320.jpg\" width=\"480\" height=\"320\" alt=\"14\" title=\"14\" \/>\t\t\t\t\t\t<\/a>\n\t\t\t\t\t<\/div>\n\t\t\t\t\t\t\t\t\t\t\t\t\t\t\t\t\t\t\t\t\t\t\t\t\t<div class=\"item all railway-wagon-stuffing-in-poti-for-kazakhstan\">\n\t\t\t\t\t\t<a title=\"\" rel=\"fancy_69dc2304b2365\" class=\"fancybox\" href=\"https:\/\/dewool.ge\/wp-content\/uploads\/2021\/11\/13.jpg\">\n\t\t\t\t\t\t\t<img loading=\"lazy\" decoding=\"async\" class=\"\" src=\"https:\/\/dewool.ge\/wp-content\/uploads\/2021\/11\/13-480x320.jpg\" width=\"480\" height=\"320\" alt=\"13\" title=\"13\" \/>\t\t\t\t\t\t<\/a>\n\t\t\t\t\t<\/div>\n\t\t\t\t\t\t\t\t\t\t\t\t\t\t\t\t\t\t\t\t\t\t\t\t\t<div class=\"item all railway-wagon-stuffing-in-poti-for-kazakhstan\">\n\t\t\t\t\t\t<a title=\"Image 12\" rel=\"fancy_69dc2304b2365\" class=\"fancybox\" href=\"https:\/\/dewool.ge\/wp-content\/uploads\/2015\/11\/12.jpg\">\n\t\t\t\t\t\t\t<img loading=\"lazy\" decoding=\"async\" class=\"\" src=\"https:\/\/dewool.ge\/wp-content\/uploads\/2015\/11\/12-480x320.jpg\" width=\"480\" height=\"320\" alt=\"12\" title=\"12\" \/>\t\t\t\t\t\t<\/a>\n\t\t\t\t\t<\/div>\n\t\t\t\t\t\t\t\t\t\t\t\t\t\t\t\t\t\t\t\t\t\t\t\t\t<div class=\"item all railway-wagon-stuffing-in-poti-for-kazakhstan\">\n\t\t\t\t\t\t<a title=\"Image 11\" rel=\"fancy_69dc2304b2365\" class=\"fancybox\" href=\"https:\/\/dewool.ge\/wp-content\/uploads\/2015\/11\/11.jpg\">\n\t\t\t\t\t\t\t<img loading=\"lazy\" decoding=\"async\" class=\"\" src=\"https:\/\/dewool.ge\/wp-content\/uploads\/2015\/11\/11-480x320.jpg\" width=\"480\" height=\"320\" alt=\"11\" title=\"11\" \/>\t\t\t\t\t\t<\/a>\n\t\t\t\t\t<\/div>\n\t\t\t\t\t\t\t\t\t\t\t\t\t\t\t\t\t\t\t\t\t\t\t\t\t<div class=\"item all railway-wagon-stuffing-in-poti-for-kazakhstan\">\n\t\t\t\t\t\t<a title=\"Image 10\" rel=\"fancy_69dc2304b2365\" class=\"fancybox\" href=\"https:\/\/dewool.ge\/wp-content\/uploads\/2015\/11\/10.jpg\">\n\t\t\t\t\t\t\t<img loading=\"lazy\" decoding=\"async\" class=\"\" src=\"https:\/\/dewool.ge\/wp-content\/uploads\/2015\/11\/10-480x320.jpg\" width=\"480\" height=\"320\" alt=\"10\" title=\"10\" \/>\t\t\t\t\t\t<\/a>\n\t\t\t\t\t<\/div>\n\t\t\t\t\t\t\t\t\t\t\t\t\t\t\t\t\t\t\t\t\t\t\t\t\t<div class=\"item all railway-wagon-stuffing-in-poti-for-kazakhstan\">\n\t\t\t\t\t\t<a title=\"Image 9\" rel=\"fancy_69dc2304b2365\" class=\"fancybox\" href=\"https:\/\/dewool.ge\/wp-content\/uploads\/2015\/11\/9.jpg\">\n\t\t\t\t\t\t\t<img loading=\"lazy\" decoding=\"async\" class=\"\" src=\"https:\/\/dewool.ge\/wp-content\/uploads\/2015\/11\/9-480x320.jpg\" width=\"480\" height=\"320\" alt=\"9\" title=\"9\" \/>\t\t\t\t\t\t<\/a>\n\t\t\t\t\t<\/div>\n\t\t\t\t\t\t\t\t\t\t\t\t\t\t\t\t\t\t\t\t\t\t\t\t\t<div class=\"item all railway-wagon-stuffing-in-poti-for-kazakhstan\">\n\t\t\t\t\t\t<a title=\"Image 8\" rel=\"fancy_69dc2304b2365\" class=\"fancybox\" href=\"https:\/\/dewool.ge\/wp-content\/uploads\/2015\/11\/8.jpg\">\n\t\t\t\t\t\t\t<img loading=\"lazy\" decoding=\"async\" class=\"\" src=\"https:\/\/dewool.ge\/wp-content\/uploads\/2015\/11\/8-480x320.jpg\" width=\"480\" height=\"320\" alt=\"8\" title=\"8\" \/>\t\t\t\t\t\t<\/a>\n\t\t\t\t\t<\/div>\n\t\t\t\t\t\t\t\t\t\t\t\t\t\t\t\t\t\t\t\t\t\t\t\t\t<div class=\"item all railway-wagon-stuffing-in-poti-for-kazakhstan\">\n\t\t\t\t\t\t<a title=\"Image 7\" rel=\"fancy_69dc2304b2365\" class=\"fancybox\" href=\"https:\/\/dewool.ge\/wp-content\/uploads\/2015\/11\/7.jpg\">\n\t\t\t\t\t\t\t<img loading=\"lazy\" decoding=\"async\" class=\"\" src=\"https:\/\/dewool.ge\/wp-content\/uploads\/2015\/11\/7-480x320.jpg\" width=\"480\" height=\"320\" alt=\"7\" title=\"7\" \/>\t\t\t\t\t\t<\/a>\n\t\t\t\t\t<\/div>\n\t\t\t\t\t\t\t\t\t\t\t\t\t\t\t\t\t\t\t\t\t\t\t\t\t<div class=\"item all railway-wagon-stuffing-in-poti-for-kazakhstan\">\n\t\t\t\t\t\t<a title=\"Image 6\" rel=\"fancy_69dc2304b2365\" class=\"fancybox\" href=\"https:\/\/dewool.ge\/wp-content\/uploads\/2015\/11\/6.jpg\">\n\t\t\t\t\t\t\t<img loading=\"lazy\" decoding=\"async\" class=\"\" src=\"https:\/\/dewool.ge\/wp-content\/uploads\/2015\/11\/6-480x320.jpg\" width=\"480\" height=\"320\" alt=\"6\" title=\"6\" \/>\t\t\t\t\t\t<\/a>\n\t\t\t\t\t<\/div>\n\t\t\t\t\t\t\t\t\t\t\t\t\t\t\t\t\t\t\t\t\t\t\t\t\t<div class=\"item all railway-wagon-stuffing-in-poti-for-kazakhstan\">\n\t\t\t\t\t\t<a title=\"Image 5\" rel=\"fancy_69dc2304b2365\" class=\"fancybox\" href=\"https:\/\/dewool.ge\/wp-content\/uploads\/2015\/11\/5.jpg\">\n\t\t\t\t\t\t\t<img loading=\"lazy\" decoding=\"async\" class=\"\" src=\"https:\/\/dewool.ge\/wp-content\/uploads\/2015\/11\/5-480x320.jpg\" width=\"480\" height=\"320\" alt=\"5\" title=\"5\" \/>\t\t\t\t\t\t<\/a>\n\t\t\t\t\t<\/div>\n\t\t\t\t\t\t\t\t\t\t\t\t\t\t\t\t\t\t\t\t\t\t\t\t\t<div class=\"item all railway-wagon-stuffing-in-poti-for-kazakhstan\">\n\t\t\t\t\t\t<a title=\"Image 4\" rel=\"fancy_69dc2304b2365\" class=\"fancybox\" href=\"https:\/\/dewool.ge\/wp-content\/uploads\/2015\/11\/4.jpg\">\n\t\t\t\t\t\t\t<img loading=\"lazy\" decoding=\"async\" class=\"\" src=\"https:\/\/dewool.ge\/wp-content\/uploads\/2015\/11\/4-480x320.jpg\" width=\"480\" height=\"320\" alt=\"4\" title=\"4\" \/>\t\t\t\t\t\t<\/a>\n\t\t\t\t\t<\/div>\n\t\t\t\t\t\t\t\t\t\t\t\t\t\t\t\t\t\t\t\t\t\t\t\t\t<div class=\"item all railway-wagon-stuffing-in-poti-for-kazakhstan\">\n\t\t\t\t\t\t<a title=\"Image 3\" rel=\"fancy_69dc2304b2365\" class=\"fancybox\" href=\"https:\/\/dewool.ge\/wp-content\/uploads\/2015\/11\/3.jpg\">\n\t\t\t\t\t\t\t<img loading=\"lazy\" decoding=\"async\" class=\"\" src=\"https:\/\/dewool.ge\/wp-content\/uploads\/2015\/11\/3-480x320.jpg\" width=\"480\" height=\"320\" alt=\"3\" title=\"3\" \/>\t\t\t\t\t\t<\/a>\n\t\t\t\t\t<\/div>\n\t\t\t\t\t\t\t\t\t\t\t\t\t\t\t\t\t\t\t\t\t\t\t\t\t<div class=\"item all railway-wagon-stuffing-in-poti-for-kazakhstan\">\n\t\t\t\t\t\t<a title=\"Image 2\" rel=\"fancy_69dc2304b2365\" class=\"fancybox\" href=\"https:\/\/dewool.ge\/wp-content\/uploads\/2015\/11\/2.jpg\">\n\t\t\t\t\t\t\t<img loading=\"lazy\" decoding=\"async\" class=\"\" src=\"https:\/\/dewool.ge\/wp-content\/uploads\/2015\/11\/2-480x320.jpg\" width=\"480\" height=\"320\" alt=\"2\" title=\"2\" \/>\t\t\t\t\t\t<\/a>\n\t\t\t\t\t<\/div>\n\t\t\t\t\t\t\t\t\t\t\t\t\t\t\t\t\t\t\t\t\t\t\t\t\t<div class=\"item all railway-wagon-stuffing-in-poti-for-kazakhstan\">\n\t\t\t\t\t\t<a title=\"Image 1\" rel=\"fancy_69dc2304b2365\" class=\"fancybox\" href=\"https:\/\/dewool.ge\/wp-content\/uploads\/2015\/11\/1.jpg\">\n\t\t\t\t\t\t\t<img loading=\"lazy\" decoding=\"async\" class=\"\" src=\"https:\/\/dewool.ge\/wp-content\/uploads\/2015\/11\/1-480x320.jpg\" width=\"480\" height=\"320\" alt=\"1\" title=\"1\" \/>\t\t\t\t\t\t<\/a>\n\t\t\t\t\t<\/div>\n\t\t\t\t\t\t\t\t\t<\/div>\n\t<\/div>\n\t<script type=\"text\/javascript\">\n\t\tjQuery(document).ready(function ($) {\n\t\t\tvar $container = $(\"#stm_gallery_69dc2304b2364 .stm_gallery .row\");\n\t\t\t$container.isotope({\n\t\t\t\titemSelector: '.item',\n\t\t\t\ttransitionDuration: '0.7s'\n\t\t\t});\n\t\t\t$container.imagesLoaded().progress(function () {\n\t\t\t\t$container.isotope('layout');\n\t\t\t});\n\t\t\t$(\".stm_gallery_switcher\").on('click', function () {\n\t\t\t\t$(this).toggleClass('active');\n\t\t\t\tvar $container_wrapper = $('#stm_gallery_69dc2304b2364');\n\t\t\t\t$container_wrapper.find('.stm_gallery').toggleClass('container');\n\t\t\t\t$container.isotope('layout');\n\t\t\t\treturn false;\n\t\t\t});\n\t\t\t$('#stm_gallery_69dc2304b2364 .stm_gallery_nav ul li a').on('click', function () {\n\t\t\t\t$(this).closest('ul').find('li.active').removeClass('active');\n\t\t\t\t$(this).parent().addClass('active');\n\t\t\t\tvar sort = $(this).attr('href');\n\t\t\t\tsort = sort.substring(1);\n\t\t\t\t$container.isotope({\n\t\t\t\t\tfilter: '.' + sort\n\t\t\t\t});\n\t\t\t\treturn false;\n\t\t\t});\n\t\t\t$(\".fancybox\").fancybox({\n\t\t\t\topenEffect: 'elastic',\n\t\t\t\tcloseEffect: 'elastic'\n\t\t\t});\n\t\t});\n\t<\/script>\n<\/div><\/div><\/div><\/div><\/div><div class=\"vc_row-full-width\"><\/div>","protected":false},"excerpt":{"rendered":"","protected":false},"author":1,"featured_media":0,"parent":0,"menu_order":0,"comment_status":"closed","ping_status":"closed","template":"","meta":{"inline_featured_image":false,"_monsterinsights_skip_tracking":false,"_monsterinsights_sitenote_active":false,"_monsterinsights_sitenote_note":"","_monsterinsights_sitenote_category":0,"footnotes":""},"class_list":["post-561","page","type-page","status-publish","hentry"],"_links":{"self":[{"href":"https:\/\/dewool.ge\/tr\/wp-json\/wp\/v2\/pages\/561","targetHints":{"allow":["GET"]}}],"collection":[{"href":"https:\/\/dewool.ge\/tr\/wp-json\/wp\/v2\/pages"}],"about":[{"href":"https:\/\/dewool.ge\/tr\/wp-json\/wp\/v2\/types\/page"}],"author":[{"embeddable":true,"href":"https:\/\/dewool.ge\/tr\/wp-json\/wp\/v2\/users\/1"}],"replies":[{"embeddable":true,"href":"https:\/\/dewool.ge\/tr\/wp-json\/wp\/v2\/comments?post=561"}],"version-history":[{"count":0,"href":"https:\/\/dewool.ge\/tr\/wp-json\/wp\/v2\/pages\/561\/revisions"}],"wp:attachment":[{"href":"https:\/\/dewool.ge\/tr\/wp-json\/wp\/v2\/media?parent=561"}],"curies":[{"name":"wp","href":"https:\/\/api.w.org\/{rel}","templated":true}]}}