{"id":455,"date":"2015-11-17T06:59:03","date_gmt":"2015-11-17T06:59:03","guid":{"rendered":"http:\/\/logistics.stylemixthemes.com\/\/?page_id=455"},"modified":"2021-10-22T12:02:39","modified_gmt":"2021-10-22T08:02:39","slug":"incoterms","status":"publish","type":"page","link":"https:\/\/dewool.ge\/tr\/incoterms\/","title":{"rendered":"Incoterms"},"content":{"rendered":"<div class=\"vc_row wpb_row vc_row-fluid\"><div class=\"wpb_column vc_column_container vc_col-sm-3 vc_hidden-sm vc_hidden-xs\"><div class=\"vc_column-inner\"><div class=\"wpb_wrapper\">\n<div class=\"stm_sidebar\">\n\t\t<div class=\"vc_row wpb_row vc_row-fluid\"><div class=\"wpb_column vc_column_container vc_col-sm-12\"><div class=\"vc_column-inner\"><div class=\"wpb_wrapper\"><div class=\"vc_btn3-container vc_btn3-left\" ><a class=\"vc_general vc_btn3 vc_btn3-size-md vc_btn3-shape-round vc_btn3-style-outline vc_btn3-block vc_btn3-icon-left vc_btn3-color-theme_style_1\" href=\"\/wp-content\/uploads\/2015\/12\/2016-nissan-altima-en.pdf\" title=\"\"><i class=\"vc_btn3-icon stm-download\"><\/i> PDF \u0130ndir<\/a><\/div><div class=\"vc_btn3-container vc_btn3-left vc_custom_1449210359338\" ><a class=\"vc_general vc_btn3 vc_btn3-size-md vc_btn3-shape-round vc_btn3-style-outline vc_btn3-block vc_btn3-icon-left vc_btn3-color-theme_style_1\" href=\"\/tr\/contacts\/\" title=\"\"><i class=\"vc_btn3-icon stm-skype\"><\/i> Uzmanlar\u0131m\u0131za Sorun<\/a><\/div><div class=\"wpb_gallery wpb_content_element vc_clearfix\" ><div class=\"wpb_wrapper\"><h4 class=\"wpb_heading wpb_gallery_heading\">Galeri<\/h4><div class=\"wpb_gallery_slides wpb_image_grid\" data-interval=\"3\"><ul class=\"wpb_image_grid_ul\"><li class=\"isotope-item\"><a class=\"\" href=\"https:\/\/dewool.ge\/wp-content\/uploads\/2015\/11\/Fotolia_74832474_Subscription_Monthly_M.jpg\" data-lightbox=\"lightbox[rel-455-1637042720]\"><img loading=\"lazy\" decoding=\"async\" class=\"\" src=\"https:\/\/dewool.ge\/wp-content\/uploads\/2015\/11\/Fotolia_74832474_Subscription_Monthly_M-77x77.jpg\" width=\"77\" height=\"77\" alt=\"Fotolia_74832474_Subscription_Monthly_M\" title=\"Fotolia_74832474_Subscription_Monthly_M\" \/><\/a><\/li><li class=\"isotope-item\"><a class=\"\" href=\"https:\/\/dewool.ge\/wp-content\/uploads\/2015\/11\/Fotolia_57824835_Subscription_Monthly_M-1024x720.jpg\" data-lightbox=\"lightbox[rel-455-1637042720]\"><img loading=\"lazy\" decoding=\"async\" class=\"\" src=\"https:\/\/dewool.ge\/wp-content\/uploads\/2015\/11\/Fotolia_57824835_Subscription_Monthly_M-77x77.jpg\" width=\"77\" height=\"77\" alt=\"Fotolia_57824835_Subscription_Monthly_M\" title=\"Fotolia_57824835_Subscription_Monthly_M\" \/><\/a><\/li><li class=\"isotope-item\"><a class=\"\" href=\"https:\/\/dewool.ge\/wp-content\/uploads\/2015\/11\/Fotolia_55718388_Subscription_Monthly_M-1024x720.jpg\" data-lightbox=\"lightbox[rel-455-1637042720]\"><img loading=\"lazy\" decoding=\"async\" class=\"\" src=\"https:\/\/dewool.ge\/wp-content\/uploads\/2015\/11\/Fotolia_55718388_Subscription_Monthly_M-77x77.jpg\" width=\"77\" height=\"77\" alt=\"Fotolia_55718388_Subscription_Monthly_M\" title=\"Fotolia_55718388_Subscription_Monthly_M\" \/><\/a><\/li><li class=\"isotope-item\"><a class=\"\" href=\"https:\/\/dewool.ge\/wp-content\/uploads\/2015\/11\/image_1.jpg\" data-lightbox=\"lightbox[rel-455-1637042720]\"><img loading=\"lazy\" decoding=\"async\" class=\"\" src=\"https:\/\/dewool.ge\/wp-content\/uploads\/2015\/11\/image_1-77x77.jpg\" width=\"77\" height=\"77\" alt=\"image_1\" title=\"image_1\" \/><\/a><\/li><li class=\"isotope-item\"><a class=\"\" href=\"https:\/\/dewool.ge\/wp-content\/uploads\/2015\/11\/Fotolia_30720388_Subscription_Monthly_M-768x1024.jpg\" data-lightbox=\"lightbox[rel-455-1637042720]\"><img loading=\"lazy\" decoding=\"async\" class=\"\" src=\"https:\/\/dewool.ge\/wp-content\/uploads\/2015\/11\/Fotolia_30720388_Subscription_Monthly_M-77x77.jpg\" width=\"77\" height=\"77\" alt=\"Fotolia_30720388_Subscription_Monthly_M\" title=\"Fotolia_30720388_Subscription_Monthly_M\" \/><\/a><\/li><li class=\"isotope-item\"><a class=\"\" href=\"https:\/\/dewool.ge\/wp-content\/uploads\/2015\/11\/Fotolia_49123103_Subscription_Monthly_XL-1024x768.jpg\" data-lightbox=\"lightbox[rel-455-1637042720]\"><img loading=\"lazy\" decoding=\"async\" class=\"\" src=\"https:\/\/dewool.ge\/wp-content\/uploads\/2015\/11\/Fotolia_49123103_Subscription_Monthly_XL-77x77.jpg\" width=\"77\" height=\"77\" alt=\"Fotolia_49123103_Subscription_Monthly_XL\" title=\"Fotolia_49123103_Subscription_Monthly_XL\" \/><\/a><\/li><li class=\"isotope-item\"><a class=\"\" href=\"https:\/\/dewool.ge\/wp-content\/uploads\/2015\/11\/fotolia_50072102-1024x1024.jpg\" data-lightbox=\"lightbox[rel-455-1637042720]\"><img loading=\"lazy\" decoding=\"async\" class=\"\" src=\"https:\/\/dewool.ge\/wp-content\/uploads\/2015\/11\/fotolia_50072102-77x77.jpg\" width=\"77\" height=\"77\" alt=\"fotolia_50072102\" title=\"fotolia_50072102\" \/><\/a><\/li><li class=\"isotope-item\"><a class=\"\" href=\"https:\/\/dewool.ge\/wp-content\/uploads\/2015\/11\/fotolia_555343921.jpg\" data-lightbox=\"lightbox[rel-455-1637042720]\"><img loading=\"lazy\" decoding=\"async\" class=\"\" src=\"https:\/\/dewool.ge\/wp-content\/uploads\/2015\/11\/fotolia_555343921-77x77.jpg\" width=\"77\" height=\"77\" alt=\"fotolia_555343921\" title=\"fotolia_555343921\" \/><\/a><\/li><li class=\"isotope-item\"><a class=\"\" href=\"https:\/\/dewool.ge\/wp-content\/uploads\/2021\/10\/satvirto-mtavari-1024x480.jpg\" data-lightbox=\"lightbox[rel-455-1637042720]\"><img loading=\"lazy\" decoding=\"async\" class=\"\" src=\"https:\/\/dewool.ge\/wp-content\/uploads\/2021\/10\/satvirto-mtavari-77x77.jpg\" width=\"77\" height=\"77\" alt=\"satvirto-mtavari\" title=\"satvirto-mtavari\" \/><\/a><\/li><\/ul><\/div><\/div><\/div><div class=\"vc_wp_posts wpb_content_element\">\t\t\t<aside class=\"widget stm_widget_recent_entries\">\t\t\t<h4 class=\"widget_title\">Haberler<\/h4>\t\t\t<ul>\n\t\t\t\t\t\t\t\t\t<li>\n\t\t\t\t\t\t\t\t\t\t\t\t<div class=\"post_info\">\n\t\t\t\t\t\t\t\t\t\t\t\t\t\t\t<span class=\"post-date\">31\/07\/2023<\/span>\n\t\t\t\t\t\t\t\t\t\t\t\t\t\t<a href=\"https:\/\/dewool.ge\/tr\/thousands-of-ships-could-use-lng-as-fuel-is-that-a-good-thing\/\">Binlerce gemi LNG'yi yak\u0131t olarak kullanabilir. Bu iyi bir \u015fey mi?<\/a>\n\t\t\t\t\t\t<\/div>\n\t\t\t\t\t<\/li>\n\t\t\t\t\t\t\t\t\t<li>\n\t\t\t\t\t\t\t\t\t\t\t\t<div class=\"post_info\">\n\t\t\t\t\t\t\t\t\t\t\t\t\t\t\t<span class=\"post-date\">31\/07\/2023<\/span>\n\t\t\t\t\t\t\t\t\t\t\t\t\t\t<a href=\"https:\/\/dewool.ge\/tr\/pd-ports-is-investing-23m-in-a-hybrid-powered-dredger-currently-under-construction\/\">PD Ports, \u015fu anda yap\u0131m a\u015famas\u0131nda olan hibrit motorlu bir tarak gemisine 23 milyon \u00a3 yat\u0131r\u0131m yap\u0131yor<\/a>\n\t\t\t\t\t\t<\/div>\n\t\t\t\t\t<\/li>\n\t\t\t\t\t\t\t<\/ul>\n\t\t\t<\/aside>\t\t\t<\/div><\/div><\/div><\/div><\/div>\n<\/div><\/div><\/div><\/div><div class=\"wpb_column vc_column_container vc_col-sm-12 vc_col-lg-9 vc_col-md-9\"><div class=\"vc_column-inner\"><div class=\"wpb_wrapper\">\n\t<div class=\"wpb_text_column wpb_content_element  vc_custom_1634889756245\" >\n\t\t<div class=\"wpb_wrapper\">\n\t\t\t<h2>Incoterms nedir?<\/h2>\n<p>Uluslararas\u0131 Ticaret Odas\u0131 (ICC) taraf\u0131ndan yay\u0131nlanan uluslararas\u0131 ticari terimler ve Incoterms kurallar\u0131, uluslararas\u0131 ticari i\u015flemlerde yayg\u0131n olarak kullan\u0131lmaktad\u0131r. Y\u00fck\u00fcn g\u00fcvenli bir \u015fekilde ta\u015f\u0131nmas\u0131n\u0131 sa\u011flayan ticaret \u015fartlar\u0131nda sa\u011flanan Incoterms kurallar\u0131. Incoterms kurallar\u0131, mallar\u0131n nakliyesi ve teslimi ile ilgili g\u00f6revleri, maliyetleri ve riskleri kesin olarak tan\u0131mlayan \u00fc\u00e7 harflik bir dizi ile i\u015faretlenmi\u015ftir.<\/p>\n<p>Incoterms kurallar\u0131, uluslararas\u0131 ticaretin \u015fartlar\u0131n\u0131 a\u00e7\u0131klamak i\u00e7in bir\u00e7ok h\u00fck\u00fcmet taraf\u0131ndan kabul edilmi\u015f ve tan\u0131nm\u0131\u015ft\u0131r. Incoterms kurallar\u0131 ilk olarak 1936'da yay\u0131nland\u0131 ve daha sonra periyodik olarak geli\u015ftirildi.<\/p>\n<p>1 Ocak 2011'de yay\u0131nlanan \u201cIncoterms \u2013 2010\u201dun sekizinci versiyonu<\/p>\n\n\t\t<\/div>\n\t<\/div>\n<div class=\"vc_row wpb_row vc_inner vc_row-fluid vc_custom_1449205358710\"><div class=\"wpb_column vc_column_container vc_col-sm-6\"><div class=\"vc_column-inner vc_custom_1449205271760\"><div class=\"wpb_wrapper\">\n\t<div class=\"wpb_text_column wpb_content_element  vc_custom_1447743804044\" >\n\t\t<div class=\"wpb_wrapper\">\n\t\t\t<h5>EXW (EX Works)<\/h5>\n<p>EX Works EXW adl\u0131 yer Incoterms\u00ae 2010 \u2014 Bu terim, yerel veya uluslararas\u0131 ticaret i\u00e7in kullan\u0131labilir.<\/p>\n\n\t\t<\/div>\n\t<\/div>\n<\/div><\/div><\/div><div class=\"wpb_column vc_column_container vc_col-sm-6\"><div class=\"vc_column-inner vc_custom_1449205275416\"><div class=\"wpb_wrapper\">\n\t<div class=\"wpb_text_column wpb_content_element  vc_custom_1447743844082\" >\n\t\t<div class=\"wpb_wrapper\">\n\t\t\t<h5>FCA (Free Carrier)<\/h5>\n<p>\u00dccretsiz Ta\u015f\u0131y\u0131c\u0131 FCA adl\u0131 yer Incoterms\u00ae 2010 \u2014 Bu terim, hangi ula\u015f\u0131m modu veya modlar\u0131 kullan\u0131lacaksa kullan\u0131labilir.<\/p>\n\n\t\t<\/div>\n\t<\/div>\n<\/div><\/div><\/div><\/div><div class=\"vc_row wpb_row vc_inner vc_row-fluid vc_custom_1449205362814\"><div class=\"wpb_column vc_column_container vc_col-sm-6\"><div class=\"vc_column-inner vc_custom_1449205285360\"><div class=\"wpb_wrapper\">\n\t<div class=\"wpb_text_column wpb_content_element  vc_custom_1447744035904\" >\n\t\t<div class=\"wpb_wrapper\">\n\t\t\t<h5>CPT (Carriage Paid To)<\/h5>\n<p>\u00dccretsiz Ta\u015f\u0131y\u0131c\u0131 FCA adl\u0131 yer Incoterms\u00ae 2010 \u2014 Bu terim, hangi ula\u015f\u0131m modu veya modlar\u0131 kullan\u0131lacaksa kullan\u0131labilir.<\/p>\n\n\t\t<\/div>\n\t<\/div>\n<\/div><\/div><\/div><div class=\"wpb_column vc_column_container vc_col-sm-6\"><div class=\"vc_column-inner vc_custom_1449205289319\"><div class=\"wpb_wrapper\">\n\t<div class=\"wpb_text_column wpb_content_element  vc_custom_1447744056383\" >\n\t\t<div class=\"wpb_wrapper\">\n\t\t\t<h5>CIP (Carriage &amp; Insurance Paid)<\/h5>\n<p>\u00dccretsiz Ta\u015f\u0131y\u0131c\u0131 FCA adl\u0131 yer Incoterms\u00ae 2010 \u2014 Bu terim, hangi ula\u015f\u0131m modu veya modlar\u0131 kullan\u0131lacaksa kullan\u0131labilir.<\/p>\n\n\t\t<\/div>\n\t<\/div>\n<\/div><\/div><\/div><\/div><div class=\"vc_row wpb_row vc_inner vc_row-fluid vc_custom_1449205366726\"><div class=\"wpb_column vc_column_container vc_col-sm-6\"><div class=\"vc_column-inner vc_custom_1449205299487\"><div class=\"wpb_wrapper\">\n\t<div class=\"wpb_text_column wpb_content_element  vc_custom_1447744091267\" >\n\t\t<div class=\"wpb_wrapper\">\n\t\t\t<h5>DAT (Delivered at Terminal)<\/h5>\n<p>\u00dccretsiz Ta\u015f\u0131y\u0131c\u0131 FCA adl\u0131 yer Incoterms\u00ae 2010 \u2014 Bu terim, hangi ula\u015f\u0131m modu veya modlar\u0131 kullan\u0131lacaksa kullan\u0131labilir. <\/p>\n\n\t\t<\/div>\n\t<\/div>\n<\/div><\/div><\/div><div class=\"wpb_column vc_column_container vc_col-sm-6\"><div class=\"vc_column-inner vc_custom_1449205304478\"><div class=\"wpb_wrapper\">\n\t<div class=\"wpb_text_column wpb_content_element  vc_custom_1447744107979\" >\n\t\t<div class=\"wpb_wrapper\">\n\t\t\t<h5>DAP (Delivered at Place)<\/h5>\n<p>\u00dccretsiz Ta\u015f\u0131y\u0131c\u0131 FCA adl\u0131 yer Incoterms\u00ae 2010 \u2014 Bu terim, hangi ula\u015f\u0131m modu veya modlar\u0131 kullan\u0131lacaksa kullan\u0131labilir.<\/p>\n\n\t\t<\/div>\n\t<\/div>\n<\/div><\/div><\/div><\/div><div class=\"vc_row wpb_row vc_inner vc_row-fluid vc_custom_1449205370636\"><div class=\"wpb_column vc_column_container vc_col-sm-6\"><div class=\"vc_column-inner vc_custom_1449205314631\"><div class=\"wpb_wrapper\">\n\t<div class=\"wpb_text_column wpb_content_element  vc_custom_1447744151114\" >\n\t\t<div class=\"wpb_wrapper\">\n\t\t\t<h5>DDP (Delivered Duty Paid)<\/h5>\n<p>\u00dccretsiz Ta\u015f\u0131y\u0131c\u0131 FCA adl\u0131 yer Incoterms\u00ae 2010 \u2014 Bu terim, hangi ula\u015f\u0131m modu veya modlar\u0131 kullan\u0131lacaksa kullan\u0131labilir.<\/p>\n\n\t\t<\/div>\n\t<\/div>\n<\/div><\/div><\/div><div class=\"wpb_column vc_column_container vc_col-sm-6\"><div class=\"vc_column-inner vc_custom_1449205320310\"><div class=\"wpb_wrapper\">\n\t<div class=\"wpb_text_column wpb_content_element  vc_custom_1447744180049\" >\n\t\t<div class=\"wpb_wrapper\">\n\t\t\t<h5>FAS (Free Alongside Ship)<\/h5>\n<p>Geminin Yan\u0131nda \u00dccretsiz FAS adl\u0131 sevkiyat liman\u0131 Incoterms\u00ae 2010 \u2014 Sat\u0131c\u0131 mallar\u0131 belirtilen geminin yan\u0131na yerle\u015ftirildi\u011finde teslim eder<\/p>\n\n\t\t<\/div>\n\t<\/div>\n<\/div><\/div><\/div><\/div><div class=\"vc_row wpb_row vc_inner vc_row-fluid vc_custom_1449205379621\"><div class=\"wpb_column vc_column_container vc_col-sm-6\"><div class=\"vc_column-inner vc_custom_1449205334719\"><div class=\"wpb_wrapper\">\n\t<div class=\"wpb_text_column wpb_content_element  vc_custom_1447744222714\" >\n\t\t<div class=\"wpb_wrapper\">\n\t\t\t<h5>FOB (Free on Board)<\/h5>\n<p>Incoterms\u00ae 2010 y\u00fckleme liman\u0131 olarak adland\u0131r\u0131lan Gemide \u00dccretsiz FOB \u2014 Bu terimin anlam\u0131nda, \u00f6nceki revizyonlarda \u00f6nemli bir de\u011fi\u015fiklik vard\u0131r.<\/p>\n\n\t\t<\/div>\n\t<\/div>\n<\/div><\/div><\/div><div class=\"wpb_column vc_column_container vc_col-sm-6\"><div class=\"vc_column-inner vc_custom_1449205338110\"><div class=\"wpb_wrapper\">\n\t<div class=\"wpb_text_column wpb_content_element  vc_custom_1447744238353\" >\n\t\t<div class=\"wpb_wrapper\">\n\t\t\t<h5>CFR (Cost &amp; Freight)<\/h5>\n<p>Maliyet ve Navlun Var\u0131\u015f liman\u0131 olarak adland\u0131r\u0131lan CFR Incoterms\u00ae 2010 \u2014 Bu kural\u0131n yaln\u0131zca ta\u015f\u0131ma deniz veya i\u00e7 su yolu ile yap\u0131ld\u0131\u011f\u0131nda kullan\u0131lmas\u0131 ama\u00e7lanm\u0131\u015ft\u0131r.<\/p>\n\n\t\t<\/div>\n\t<\/div>\n<\/div><\/div><\/div><\/div><div class=\"vc_row wpb_row vc_inner vc_row-fluid vc_custom_1447744004634\"><div class=\"wpb_column vc_column_container vc_col-sm-6\"><div class=\"vc_column-inner\"><div class=\"wpb_wrapper\">\n\t<div class=\"wpb_text_column wpb_content_element  vc_custom_1447744263927\" >\n\t\t<div class=\"wpb_wrapper\">\n\t\t\t<h5>CIF (Cost Insurance &amp; Freight)<\/h5>\n<p>Maliyet ve Navlun Var\u0131\u015f liman\u0131 olarak adland\u0131r\u0131lan CFR Incoterms\u00ae 2010 \u2014 Bu kural\u0131n yaln\u0131zca ta\u015f\u0131ma deniz veya i\u00e7 su yolu ile yap\u0131ld\u0131\u011f\u0131nda kullan\u0131lmas\u0131 ama\u00e7lanm\u0131\u015ft\u0131r.<\/p>\n\n\t\t<\/div>\n\t<\/div>\n<\/div><\/div><\/div><div class=\"wpb_column vc_column_container vc_col-sm-6\"><div class=\"vc_column-inner\"><div class=\"wpb_wrapper\"><\/div><\/div><\/div><\/div><\/div><\/div><\/div><\/div>","protected":false},"excerpt":{"rendered":"&nbsp; &nbsp; \u00a0 The dredger named Emerald Duchess following a PD Ports staff competition will feature an intelligent power management system enabling it to switch between battery power and biofuels in the form...","protected":false},"author":1,"featured_media":0,"parent":0,"menu_order":0,"comment_status":"closed","ping_status":"closed","template":"","meta":{"inline_featured_image":false,"_monsterinsights_skip_tracking":false,"_monsterinsights_sitenote_active":false,"_monsterinsights_sitenote_note":"","_monsterinsights_sitenote_category":0,"footnotes":""},"class_list":["post-455","page","type-page","status-publish","hentry"],"_links":{"self":[{"href":"https:\/\/dewool.ge\/tr\/wp-json\/wp\/v2\/pages\/455","targetHints":{"allow":["GET"]}}],"collection":[{"href":"https:\/\/dewool.ge\/tr\/wp-json\/wp\/v2\/pages"}],"about":[{"href":"https:\/\/dewool.ge\/tr\/wp-json\/wp\/v2\/types\/page"}],"author":[{"embeddable":true,"href":"https:\/\/dewool.ge\/tr\/wp-json\/wp\/v2\/users\/1"}],"replies":[{"embeddable":true,"href":"https:\/\/dewool.ge\/tr\/wp-json\/wp\/v2\/comments?post=455"}],"version-history":[{"count":4,"href":"https:\/\/dewool.ge\/tr\/wp-json\/wp\/v2\/pages\/455\/revisions"}],"predecessor-version":[{"id":1376,"href":"https:\/\/dewool.ge\/tr\/wp-json\/wp\/v2\/pages\/455\/revisions\/1376"}],"wp:attachment":[{"href":"https:\/\/dewool.ge\/tr\/wp-json\/wp\/v2\/media?parent=455"}],"curies":[{"name":"wp","href":"https:\/\/api.w.org\/{rel}","templated":true}]}}